{"id":48912,"date":"2021-01-18T06:30:30","date_gmt":"2021-01-18T06:30:30","guid":{"rendered":"https:\/\/litho.themezaa.com\/?post_type=product&#038;p=48912"},"modified":"2024-01-15T09:57:05","modified_gmt":"2024-01-15T15:57:05","slug":"cotton-dark-shirt","status":"publish","type":"product","link":"https:\/\/pxsglobal.com\/en\/product\/cotton-dark-shirt\/","title":{"rendered":"SS Green Belt"},"content":{"rendered":"<div class=\"row align-items-center\">\n<div class=\"col-12 col-xl-5 col-lg-6 description-left\">\n<p>Six Sigma Green Belts are employees who spend part of their time on process improvement teams. They analyze and solve quality problems and are related to Six Sigma, Lean or other quality improvement projects. Six Sigma Green Belt certification requires three years of work experience in one or more areas of the Six Sigma Green Belt Body of Knowledge. Work experience must be in full-time positions.<\/p>\n<\/div>\n<h2><strong>GOALS:<\/strong><\/h2>\n<p>Train and Certify participants in the basic tools and disciplines for the implementation of continuous improvement projects in the company.<\/p>\n<h2><strong>ADDRESSED TO:<\/strong><\/h2>\n<p>This course is designed for people from various functions\/operations of the organization, such as quality, logistics, finance, production, engineering, among others. Participants are typically process owners or leaders and are well versed in the technical aspects of their work and have worked on project teams.<\/p>\n<h2><strong>CONTENTS:<\/strong><\/h2>\n<h4><strong>I. GLOBAL VISION: SIX SIGMA AND THE ORGANIZATION:<\/strong><\/h4>\n<hr \/>\n<p>A. Six Sigma and the goals of the organization<br \/>\nB. Lean principles in the organization<br \/>\nC. Design for Six Sigma (DFSS) in the organization<\/p>\n<hr \/>\n<h4><strong>II. DEFINE:<\/strong><\/h4>\n<hr \/>\n<p>A. Project Identification<br \/>\nB. Voice-of-the-Customer<br \/>\nC. Basic Project Management Tools<br \/>\nD. Administration and planning tools<br \/>\nE. Business results for projects<br \/>\nF. Team dynamics and performance<\/p>\n<\/div>","protected":false},"excerpt":{"rendered":"<p>Six Sigma Green Belts are employees who spend part of their time on process improvement teams. They analyze and solve quality problems and are related to Six Sigma, Lean or other quality improvement projects. Six Sigma Green Belt certification requires three years of work experience in one or more areas of the Six Sigma Green Belt Body of Knowledge. Work experience must be in full-time positions.<\/p>","protected":false},"featured_media":75651,"comment_status":"open","ping_status":"closed","template":"","meta":[],"product_brand":[],"product_cat":[41],"product_tag":[],"class_list":{"0":"post-48912","1":"product","2":"type-product","3":"status-publish","4":"has-post-thumbnail","6":"product_cat-sesisigma","8":"first","9":"instock","10":"shipping-taxable","11":"purchasable","12":"product-type-simple","13":"litho-product-5col"},"yoast_head":"<!-- This site is optimized with the Yoast SEO plugin v27.3 - https:\/\/yoast.com\/product\/yoast-seo-wordpress\/ -->\n<title>SS Green Belt - PXS<\/title>\n<meta name=\"robots\" content=\"index, follow, max-snippet:-1, max-image-preview:large, max-video-preview:-1\" \/>\n<link rel=\"canonical\" href=\"https:\/\/pxsglobal.com\/en\/product\/cotton-dark-shirt\/\" \/>\n<meta property=\"og:locale\" content=\"en_US\" \/>\n<meta property=\"og:type\" content=\"article\" \/>\n<meta property=\"og:title\" content=\"SS Green Belt - PXS\" \/>\n<meta property=\"og:description\" content=\"Los Six Sigma Green Belt son empleados que pasan parte de su tiempo en los equipos de mejora de procesos. Ellos analizan y resuelven los problemas de calidad y tienen relaci\u00f3n con Six Sigma, Lean u otros proyectos de mejoramiento de la calidad. La certificaci\u00f3n Six Sigma Green Belt requiere tres a\u00f1os de experiencia laboral en una o m\u00e1s \u00e1reas del Cuerpo de Conocimientos de Six Sigma Green Belt. La experiencia laboral debe ser en posiciones de tiempo completo.\" \/>\n<meta property=\"og:url\" content=\"https:\/\/pxsglobal.com\/en\/product\/cotton-dark-shirt\/\" \/>\n<meta property=\"og:site_name\" content=\"PXS\" \/>\n<meta property=\"article:publisher\" content=\"https:\/\/facebook.com\/PXSGlobal\/\" \/>\n<meta property=\"article:modified_time\" content=\"2024-01-15T15:57:05+00:00\" \/>\n<meta property=\"og:image\" content=\"https:\/\/pxsglobal.com\/wp-content\/uploads\/2021\/01\/Screenshot-2023-06-02-at-10.14.56-AM.png\" \/>\n\t<meta property=\"og:image:width\" content=\"1380\" \/>\n\t<meta property=\"og:image:height\" content=\"1394\" \/>\n\t<meta property=\"og:image:type\" content=\"image\/png\" \/>\n<meta name=\"twitter:card\" content=\"summary_large_image\" \/>\n<meta name=\"twitter:label1\" content=\"Est. reading time\" \/>\n\t<meta name=\"twitter:data1\" content=\"1 minute\" \/>\n<script type=\"application\/ld+json\" class=\"yoast-schema-graph\">{\"@context\":\"https:\\\/\\\/schema.org\",\"@graph\":[{\"@type\":\"WebPage\",\"@id\":\"https:\\\/\\\/pxsglobal.com\\\/product\\\/cotton-dark-shirt\\\/\",\"url\":\"https:\\\/\\\/pxsglobal.com\\\/product\\\/cotton-dark-shirt\\\/\",\"name\":\"SS Green Belt - PXS\",\"isPartOf\":{\"@id\":\"https:\\\/\\\/pxsglobal.com\\\/#website\"},\"primaryImageOfPage\":{\"@id\":\"https:\\\/\\\/pxsglobal.com\\\/product\\\/cotton-dark-shirt\\\/#primaryimage\"},\"image\":{\"@id\":\"https:\\\/\\\/pxsglobal.com\\\/product\\\/cotton-dark-shirt\\\/#primaryimage\"},\"thumbnailUrl\":\"https:\\\/\\\/pxsglobal.com\\\/wp-content\\\/uploads\\\/2021\\\/01\\\/Screenshot-2023-06-02-at-10.14.56-AM.png\",\"datePublished\":\"2021-01-18T06:30:30+00:00\",\"dateModified\":\"2024-01-15T15:57:05+00:00\",\"breadcrumb\":{\"@id\":\"https:\\\/\\\/pxsglobal.com\\\/product\\\/cotton-dark-shirt\\\/#breadcrumb\"},\"inLanguage\":\"en-US\",\"potentialAction\":[{\"@type\":\"ReadAction\",\"target\":[\"https:\\\/\\\/pxsglobal.com\\\/product\\\/cotton-dark-shirt\\\/\"]}]},{\"@type\":\"ImageObject\",\"inLanguage\":\"en-US\",\"@id\":\"https:\\\/\\\/pxsglobal.com\\\/product\\\/cotton-dark-shirt\\\/#primaryimage\",\"url\":\"https:\\\/\\\/pxsglobal.com\\\/wp-content\\\/uploads\\\/2021\\\/01\\\/Screenshot-2023-06-02-at-10.14.56-AM.png\",\"contentUrl\":\"https:\\\/\\\/pxsglobal.com\\\/wp-content\\\/uploads\\\/2021\\\/01\\\/Screenshot-2023-06-02-at-10.14.56-AM.png\",\"width\":1380,\"height\":1394},{\"@type\":\"BreadcrumbList\",\"@id\":\"https:\\\/\\\/pxsglobal.com\\\/product\\\/cotton-dark-shirt\\\/#breadcrumb\",\"itemListElement\":[{\"@type\":\"ListItem\",\"position\":1,\"name\":\"Portada\",\"item\":\"https:\\\/\\\/pxsglobal.com\\\/\"},{\"@type\":\"ListItem\",\"position\":2,\"name\":\"Shop\",\"item\":\"https:\\\/\\\/pxsglobal.com\\\/shop\\\/\"},{\"@type\":\"ListItem\",\"position\":3,\"name\":\"SS Green Belt\"}]},{\"@type\":\"WebSite\",\"@id\":\"https:\\\/\\\/pxsglobal.com\\\/#website\",\"url\":\"https:\\\/\\\/pxsglobal.com\\\/\",\"name\":\"PXS\",\"description\":\"Somos Excelencia\",\"publisher\":{\"@id\":\"https:\\\/\\\/pxsglobal.com\\\/#organization\"},\"alternateName\":\"Performance Excellence Solutions\",\"potentialAction\":[{\"@type\":\"SearchAction\",\"target\":{\"@type\":\"EntryPoint\",\"urlTemplate\":\"https:\\\/\\\/pxsglobal.com\\\/?s={search_term_string}\"},\"query-input\":{\"@type\":\"PropertyValueSpecification\",\"valueRequired\":true,\"valueName\":\"search_term_string\"}}],\"inLanguage\":\"en-US\"},{\"@type\":\"Organization\",\"@id\":\"https:\\\/\\\/pxsglobal.com\\\/#organization\",\"name\":\"Performance Excellence Solutions\",\"alternateName\":\"PXS\",\"url\":\"https:\\\/\\\/pxsglobal.com\\\/\",\"logo\":{\"@type\":\"ImageObject\",\"inLanguage\":\"en-US\",\"@id\":\"https:\\\/\\\/pxsglobal.com\\\/#\\\/schema\\\/logo\\\/image\\\/\",\"url\":\"https:\\\/\\\/pxsglobal.com\\\/wp-content\\\/uploads\\\/2024\\\/03\\\/cropped-pxs-favicon.png\",\"contentUrl\":\"https:\\\/\\\/pxsglobal.com\\\/wp-content\\\/uploads\\\/2024\\\/03\\\/cropped-pxs-favicon.png\",\"width\":512,\"height\":512,\"caption\":\"Performance Excellence Solutions\"},\"image\":{\"@id\":\"https:\\\/\\\/pxsglobal.com\\\/#\\\/schema\\\/logo\\\/image\\\/\"},\"sameAs\":[\"https:\\\/\\\/facebook.com\\\/PXSGlobal\\\/\",\"https:\\\/\\\/www.instagram.com\\\/pxsglobal\\\/\",\"https:\\\/\\\/www.linkedin.com\\\/company\\\/pxs-global\\\/\"]}]}<\/script>\n<!-- \/ Yoast SEO plugin. -->","yoast_head_json":{"title":"SS Green Belt - PXS","robots":{"index":"index","follow":"follow","max-snippet":"max-snippet:-1","max-image-preview":"max-image-preview:large","max-video-preview":"max-video-preview:-1"},"canonical":"https:\/\/pxsglobal.com\/en\/product\/cotton-dark-shirt\/","og_locale":"en_US","og_type":"article","og_title":"SS Green Belt - PXS","og_description":"Los Six Sigma Green Belt son empleados que pasan parte de su tiempo en los equipos de mejora de procesos. Ellos analizan y resuelven los problemas de calidad y tienen relaci\u00f3n con Six Sigma, Lean u otros proyectos de mejoramiento de la calidad. La certificaci\u00f3n Six Sigma Green Belt requiere tres a\u00f1os de experiencia laboral en una o m\u00e1s \u00e1reas del Cuerpo de Conocimientos de Six Sigma Green Belt. La experiencia laboral debe ser en posiciones de tiempo completo.","og_url":"https:\/\/pxsglobal.com\/en\/product\/cotton-dark-shirt\/","og_site_name":"PXS","article_publisher":"https:\/\/facebook.com\/PXSGlobal\/","article_modified_time":"2024-01-15T15:57:05+00:00","og_image":[{"width":1380,"height":1394,"url":"https:\/\/pxsglobal.com\/wp-content\/uploads\/2021\/01\/Screenshot-2023-06-02-at-10.14.56-AM.png","type":"image\/png"}],"twitter_card":"summary_large_image","twitter_misc":{"Est. reading time":"1 minute"},"schema":{"@context":"https:\/\/schema.org","@graph":[{"@type":"WebPage","@id":"https:\/\/pxsglobal.com\/product\/cotton-dark-shirt\/","url":"https:\/\/pxsglobal.com\/product\/cotton-dark-shirt\/","name":"SS Green Belt - PXS","isPartOf":{"@id":"https:\/\/pxsglobal.com\/#website"},"primaryImageOfPage":{"@id":"https:\/\/pxsglobal.com\/product\/cotton-dark-shirt\/#primaryimage"},"image":{"@id":"https:\/\/pxsglobal.com\/product\/cotton-dark-shirt\/#primaryimage"},"thumbnailUrl":"https:\/\/pxsglobal.com\/wp-content\/uploads\/2021\/01\/Screenshot-2023-06-02-at-10.14.56-AM.png","datePublished":"2021-01-18T06:30:30+00:00","dateModified":"2024-01-15T15:57:05+00:00","breadcrumb":{"@id":"https:\/\/pxsglobal.com\/product\/cotton-dark-shirt\/#breadcrumb"},"inLanguage":"en-US","potentialAction":[{"@type":"ReadAction","target":["https:\/\/pxsglobal.com\/product\/cotton-dark-shirt\/"]}]},{"@type":"ImageObject","inLanguage":"en-US","@id":"https:\/\/pxsglobal.com\/product\/cotton-dark-shirt\/#primaryimage","url":"https:\/\/pxsglobal.com\/wp-content\/uploads\/2021\/01\/Screenshot-2023-06-02-at-10.14.56-AM.png","contentUrl":"https:\/\/pxsglobal.com\/wp-content\/uploads\/2021\/01\/Screenshot-2023-06-02-at-10.14.56-AM.png","width":1380,"height":1394},{"@type":"BreadcrumbList","@id":"https:\/\/pxsglobal.com\/product\/cotton-dark-shirt\/#breadcrumb","itemListElement":[{"@type":"ListItem","position":1,"name":"Portada","item":"https:\/\/pxsglobal.com\/"},{"@type":"ListItem","position":2,"name":"Shop","item":"https:\/\/pxsglobal.com\/shop\/"},{"@type":"ListItem","position":3,"name":"SS Green Belt"}]},{"@type":"WebSite","@id":"https:\/\/pxsglobal.com\/#website","url":"https:\/\/pxsglobal.com\/","name":"PXS","description":"Somos Excelencia","publisher":{"@id":"https:\/\/pxsglobal.com\/#organization"},"alternateName":"Performance Excellence Solutions","potentialAction":[{"@type":"SearchAction","target":{"@type":"EntryPoint","urlTemplate":"https:\/\/pxsglobal.com\/?s={search_term_string}"},"query-input":{"@type":"PropertyValueSpecification","valueRequired":true,"valueName":"search_term_string"}}],"inLanguage":"en-US"},{"@type":"Organization","@id":"https:\/\/pxsglobal.com\/#organization","name":"Performance Excellence Solutions","alternateName":"PXS","url":"https:\/\/pxsglobal.com\/","logo":{"@type":"ImageObject","inLanguage":"en-US","@id":"https:\/\/pxsglobal.com\/#\/schema\/logo\/image\/","url":"https:\/\/pxsglobal.com\/wp-content\/uploads\/2024\/03\/cropped-pxs-favicon.png","contentUrl":"https:\/\/pxsglobal.com\/wp-content\/uploads\/2024\/03\/cropped-pxs-favicon.png","width":512,"height":512,"caption":"Performance Excellence Solutions"},"image":{"@id":"https:\/\/pxsglobal.com\/#\/schema\/logo\/image\/"},"sameAs":["https:\/\/facebook.com\/PXSGlobal\/","https:\/\/www.instagram.com\/pxsglobal\/","https:\/\/www.linkedin.com\/company\/pxs-global\/"]}]}},"_links":{"self":[{"href":"https:\/\/pxsglobal.com\/en\/wp-json\/wp\/v2\/product\/48912","targetHints":{"allow":["GET"]}}],"collection":[{"href":"https:\/\/pxsglobal.com\/en\/wp-json\/wp\/v2\/product"}],"about":[{"href":"https:\/\/pxsglobal.com\/en\/wp-json\/wp\/v2\/types\/product"}],"replies":[{"embeddable":true,"href":"https:\/\/pxsglobal.com\/en\/wp-json\/wp\/v2\/comments?post=48912"}],"wp:featuredmedia":[{"embeddable":true,"href":"https:\/\/pxsglobal.com\/en\/wp-json\/wp\/v2\/media\/75651"}],"wp:attachment":[{"href":"https:\/\/pxsglobal.com\/en\/wp-json\/wp\/v2\/media?parent=48912"}],"wp:term":[{"taxonomy":"product_brand","embeddable":true,"href":"https:\/\/pxsglobal.com\/en\/wp-json\/wp\/v2\/product_brand?post=48912"},{"taxonomy":"product_cat","embeddable":true,"href":"https:\/\/pxsglobal.com\/en\/wp-json\/wp\/v2\/product_cat?post=48912"},{"taxonomy":"product_tag","embeddable":true,"href":"https:\/\/pxsglobal.com\/en\/wp-json\/wp\/v2\/product_tag?post=48912"}],"curies":[{"name":"wp","href":"https:\/\/api.w.org\/{rel}","templated":true}]}}