{"id":12773,"date":"2020-08-24T04:49:30","date_gmt":"2020-08-24T04:49:30","guid":{"rendered":"https:\/\/litho.themezaa.com\/?page_id=12773"},"modified":"2025-02-04T14:10:39","modified_gmt":"2025-02-04T20:10:39","slug":"nuestro-alcance","status":"publish","type":"page","link":"https:\/\/pxsglobal.com\/es\/nuestro-alcance\/","title":{"rendered":"Nuestro Alcance"},"content":{"rendered":"\t\t<div data-elementor-type=\"wp-page\" data-elementor-id=\"12773\" class=\"elementor elementor-12773\" data-elementor-post-type=\"page\">\n\t\t\t\t\t\t<section class=\"elementor-section elementor-top-section elementor-element elementor-element-0aecc0e elementor-section-content-middle elementor-section-full_width elementor-section-height-default elementor-section-height-default\" data-id=\"0aecc0e\" data-element_type=\"section\" data-e-type=\"section\" data-settings=\"{&quot;background_background&quot;:&quot;classic&quot;}\">\n\t\t\t\t\t\t<div class=\"elementor-container elementor-column-gap-default\">\n\t\t\t\t\t<div class=\" elementor-column elementor-col-100 elementor-top-column elementor-element elementor-element-88381b0\" data-fullscreen-column-settings=\"{&quot;fullscreen&quot;:&quot;&quot;}\" data-id=\"88381b0\" data-element_type=\"column\" data-e-type=\"column\">\n\t\t\t<div class=\"elementor-widget-wrap elementor-element-populated\">\n\t\t\t\t\t\t<section class=\"elementor-section elementor-inner-section elementor-element elementor-element-75f41fd elementor-section-content-middle elementor-section-boxed elementor-section-height-default elementor-section-height-default\" data-id=\"75f41fd\" data-element_type=\"section\" data-e-type=\"section\">\n\t\t\t\t\t\t<div class=\"elementor-container elementor-column-gap-default\">\n\t\t\t\t\t<div class=\" elementor-column elementor-col-100 elementor-inner-column elementor-element elementor-element-f0a33db elementor-invisible\" data-fullscreen-column-settings=\"{&quot;fullscreen&quot;:&quot;&quot;}\" data-id=\"f0a33db\" data-element_type=\"column\" data-e-type=\"column\" data-settings=\"{&quot;animation&quot;:&quot;fadeIn&quot;,&quot;animation_delay&quot;:400}\">\n\t\t\t<div class=\"elementor-widget-wrap elementor-element-populated\">\n\t\t\t\t\t\t<div class=\"elementor-element elementor-element-27bf059 elementor-widget-mobile__width-inherit elementor-widget elementor-widget-litho-heading\" data-id=\"27bf059\" data-element_type=\"widget\" data-e-type=\"widget\" data-widget_type=\"litho-heading.default\">\n\t\t\t\t<div class=\"elementor-widget-container\">\n\t\t\t\t\t<h5 class=\"litho-heading elementor-size-default\"><span class=\"litho-primary-title\">Nuestro Alcance<\/span><\/h5>\t\t\t\t<\/div>\n\t\t\t\t<\/div>\n\t\t\t\t<div class=\"elementor-element elementor-element-88ca725 elementor-widget-mobile__width-initial elementor-widget elementor-widget-text-editor\" data-id=\"88ca725\" data-element_type=\"widget\" data-e-type=\"widget\" data-widget_type=\"text-editor.default\">\n\t\t\t\t<div class=\"elementor-widget-container\">\n\t\t\t\t\t\t\t\t\t<p><span id=\"docs-internal-guid-1f45e8d9-7fff-0d13-d899-2f350282d089\"><span style=\"font-size: 12pt; font-family: Candara, sans-serif; color: #000000; background-color: transparent; font-variant-numeric: normal; font-variant-east-asian: normal; font-variant-alternates: normal; vertical-align: baseline; white-space-collapse: preserve;\">A lo largo de estos 20 a\u00f1os, hemos trabajado en alrededor de 22 pa\u00edses distintos.<\/span><\/span><\/p>\t\t\t\t\t\t\t\t<\/div>\n\t\t\t\t<\/div>\n\t\t\t\t\t<\/div>\n\t\t<\/div>\n\t\t\t\t\t<\/div>\n\t\t<\/section>\n\t\t\t\t<section class=\"elementor-section elementor-inner-section elementor-element elementor-element-ac19e5f elementor-section-full_width elementor-hidden-tablet elementor-hidden-phone elementor-section-height-default elementor-section-height-default\" data-id=\"ac19e5f\" data-element_type=\"section\" data-e-type=\"section\">\n\t\t\t\t\t\t<div class=\"elementor-container elementor-column-gap-default\">\n\t\t\t\t\t<div class=\" elementor-column elementor-col-100 elementor-inner-column elementor-element elementor-element-2549cc5 elementor-hidden-tablet elementor-hidden-phone\" data-fullscreen-column-settings=\"{&quot;fullscreen&quot;:&quot;&quot;}\" data-id=\"2549cc5\" data-element_type=\"column\" data-e-type=\"column\">\n\t\t\t<div class=\"elementor-widget-wrap\">\n\t\t\t\t\t\t\t<\/div>\n\t\t<\/div>\n\t\t\t\t\t<\/div>\n\t\t<\/section>\n\t\t\t\t\t<\/div>\n\t\t<\/div>\n\t\t\t\t\t<\/div>\n\t\t<\/section>\n\t\t\t\t<section class=\"elementor-section elementor-top-section elementor-element elementor-element-9e8bf38 elementor-section-content-top elementor-section-boxed elementor-section-height-default elementor-section-height-default\" data-id=\"9e8bf38\" data-element_type=\"section\" data-e-type=\"section\">\n\t\t\t\t\t\t<div class=\"elementor-container elementor-column-gap-default\">\n\t\t\t\t\t<div class=\" elementor-column elementor-col-100 elementor-top-column elementor-element elementor-element-8a93ec1\" data-fullscreen-column-settings=\"{&quot;fullscreen&quot;:&quot;&quot;}\" data-id=\"8a93ec1\" data-element_type=\"column\" data-e-type=\"column\">\n\t\t\t<div class=\"elementor-widget-wrap elementor-element-populated\">\n\t\t\t\t\t\t<div class=\"elementor-section elementor-inner-section elementor-element elementor-element-edac206 elementor-section-boxed elementor-section-height-default elementor-section-height-default\" data-id=\"edac206\" data-element_type=\"section\" data-e-type=\"section\">\n\t\t\t\t\t\t<div class=\"elementor-container elementor-column-gap-default\">\n\t\t\t\t\t<div class=\" elementor-column elementor-col-50 elementor-inner-column elementor-element elementor-element-8dca837 elementor-invisible\" data-fullscreen-column-settings=\"{&quot;fullscreen&quot;:&quot;&quot;}\" data-id=\"8dca837\" data-element_type=\"column\" data-e-type=\"column\" data-settings=\"{&quot;animation&quot;:&quot;fadeIn&quot;,&quot;animation_delay&quot;:100}\">\n\t\t\t<div class=\"elementor-widget-wrap elementor-element-populated\">\n\t\t\t\t\t\t<div class=\"elementor-element elementor-element-2850260 elementor-widget elementor-widget-counter\" data-id=\"2850260\" data-element_type=\"widget\" data-e-type=\"widget\" data-widget_type=\"counter.default\">\n\t\t\t\t<div class=\"elementor-widget-container\">\n\t\t\t\t\t\t\t<div class=\"elementor-counter\">\n\t\t\t<div class=\"elementor-counter-title\">A\u00f1os<\/div>\t\t\t<div class=\"elementor-counter-number-wrapper\">\n\t\t\t\t<span class=\"elementor-counter-number-prefix\"><\/span>\n\t\t\t\t<span class=\"elementor-counter-number\" data-duration=\"2000\" data-to-value=\"20\" data-from-value=\"0\">0<\/span>\n\t\t\t\t<span class=\"elementor-counter-number-suffix\"><\/span>\n\t\t\t<\/div>\n\t\t<\/div>\n\t\t\t\t\t\t<\/div>\n\t\t\t\t<\/div>\n\t\t\t\t\t<\/div>\n\t\t<\/div>\n\t\t\t\t<div class=\" elementor-column elementor-col-50 elementor-inner-column elementor-element elementor-element-6f1e452 elementor-invisible\" data-fullscreen-column-settings=\"{&quot;fullscreen&quot;:&quot;&quot;}\" data-id=\"6f1e452\" data-element_type=\"column\" data-e-type=\"column\" data-settings=\"{&quot;animation&quot;:&quot;fadeIn&quot;,&quot;animation_delay&quot;:200}\">\n\t\t\t<div class=\"elementor-widget-wrap elementor-element-populated\">\n\t\t\t\t\t\t<div class=\"elementor-element elementor-element-9f6572e elementor-widget elementor-widget-counter\" data-id=\"9f6572e\" data-element_type=\"widget\" data-e-type=\"widget\" data-widget_type=\"counter.default\">\n\t\t\t\t<div class=\"elementor-widget-container\">\n\t\t\t\t\t\t\t<div class=\"elementor-counter\">\n\t\t\t<div class=\"elementor-counter-title\">Pa\u00edses<\/div>\t\t\t<div class=\"elementor-counter-number-wrapper\">\n\t\t\t\t<span class=\"elementor-counter-number-prefix\"><\/span>\n\t\t\t\t<span class=\"elementor-counter-number\" data-duration=\"2000\" data-to-value=\"22\" data-from-value=\"0\" data-delimiter=\",\">0<\/span>\n\t\t\t\t<span class=\"elementor-counter-number-suffix\"><\/span>\n\t\t\t<\/div>\n\t\t<\/div>\n\t\t\t\t\t\t<\/div>\n\t\t\t\t<\/div>\n\t\t\t\t\t<\/div>\n\t\t<\/div>\n\t\t\t\t\t<\/div>\n\t\t<\/div>\n\t\t\t\t\t<\/div>\n\t\t<\/div>\n\t\t\t\t\t<\/div>\n\t\t<\/section>\n\t\t\t\t<section class=\"elementor-section elementor-top-section elementor-element elementor-element-d8f1294 elementor-section-boxed elementor-section-height-default elementor-section-height-default elementor-invisible\" data-id=\"d8f1294\" data-element_type=\"section\" data-e-type=\"section\" data-settings=\"{&quot;animation&quot;:&quot;fadeIn&quot;}\">\n\t\t\t\t\t\t<div class=\"elementor-container elementor-column-gap-default\">\n\t\t\t\t\t<div class=\" elementor-column elementor-col-100 elementor-top-column elementor-element elementor-element-4af17a6\" data-fullscreen-column-settings=\"{&quot;fullscreen&quot;:&quot;&quot;}\" data-id=\"4af17a6\" data-element_type=\"column\" data-e-type=\"column\">\n\t\t\t<div class=\"elementor-widget-wrap elementor-element-populated\">\n\t\t\t\t\t\t<div class=\"elementor-element elementor-element-7b34deb elementor-widget-tablet__width-initial elementor-widget-mobile__width-initial elementor-widget__width-inherit elementor-invisible elementor-widget elementor-widget-litho-liquid-image\" data-id=\"7b34deb\" data-element_type=\"widget\" data-e-type=\"widget\" data-settings=\"{&quot;_animation&quot;:&quot;fadeInLeft&quot;,&quot;_animation_delay&quot;:200}\" data-widget_type=\"litho-liquid-image.default\">\n\t\t\t\t<div class=\"elementor-widget-container\">\n\t\t\t\t\t\t\t\t\t\t<div class=\"liquid-image-wrapper liquid-image-style-1\">\n\t\t\t\t\t\t<div class=\"secondary-image-box\">\n\t\t\t\t\t\t\t<img decoding=\"async\" src=\"https:\/\/pxsglobal.com\/wp-content\/uploads\/2023\/07\/mapa.png\" alt=\"mapa\"  srcset=\"https:\/\/pxsglobal.com\/wp-content\/uploads\/2023\/07\/mapa.png 1992w, https:\/\/pxsglobal.com\/wp-content\/uploads\/2023\/07\/mapa-300x164.png 300w, https:\/\/pxsglobal.com\/wp-content\/uploads\/2023\/07\/mapa-1024x558.png 1024w, https:\/\/pxsglobal.com\/wp-content\/uploads\/2023\/07\/mapa-768x419.png 768w, https:\/\/pxsglobal.com\/wp-content\/uploads\/2023\/07\/mapa-1536x837.png 1536w, https:\/\/pxsglobal.com\/wp-content\/uploads\/2023\/07\/mapa-200x109.png 200w, https:\/\/pxsglobal.com\/wp-content\/uploads\/2023\/07\/mapa-1568x855.png 1568w, https:\/\/pxsglobal.com\/wp-content\/uploads\/2023\/07\/mapa-1320x720.png 1320w, https:\/\/pxsglobal.com\/wp-content\/uploads\/2023\/07\/mapa-600x327.png 600w\" sizes=\"(max-width: 1992px) 100vw, 1992px\" \/>\t\t\t\t\t\t\t\t\t\t\t\t\t<\/div>\n\t\t\t\t\t\t<div class=\"primary-image-box\" data-parallax-layout-ratio=\"0.6\">\n\t\t\t\t\t\t\t\t\t\t\t\t\t<\/div>\n\t\t\t\t\t<\/div>\n\t\t\t\t\t\t\t\t\t<\/div>\n\t\t\t\t<\/div>\n\t\t\t\t<div class=\"elementor-element elementor-element-9c6cf4d elementor-widget elementor-widget-spacer\" data-id=\"9c6cf4d\" data-element_type=\"widget\" data-e-type=\"widget\" data-widget_type=\"spacer.default\">\n\t\t\t\t<div class=\"elementor-widget-container\">\n\t\t\t\t\t\t\t<div class=\"elementor-spacer\">\n\t\t\t<div class=\"elementor-spacer-inner\"><\/div>\n\t\t<\/div>\n\t\t\t\t\t\t<\/div>\n\t\t\t\t<\/div>\n\t\t\t\t<div class=\"elementor-element elementor-element-bfe6140 elementor-widget elementor-widget-text-editor\" data-id=\"bfe6140\" data-element_type=\"widget\" data-e-type=\"widget\" data-widget_type=\"text-editor.default\">\n\t\t\t\t<div class=\"elementor-widget-container\">\n\t\t\t\t\t\t\t\t\t<p><span style=\"font-weight: 400;\">Adem\u00e1s, con el fin de fortalecer nuestra presencia y prestar servicios a las diferentes regiones, en este momento contamos con operaci\u00f3n en Costa Rica, M\u00e9xico, Colombia, Estados Unidos y Alemania.<\/span><\/p>\t\t\t\t\t\t\t\t<\/div>\n\t\t\t\t<\/div>\n\t\t\t\t\t<\/div>\n\t\t<\/div>\n\t\t\t\t\t<\/div>\n\t\t<\/section>\n\t\t\t\t<section class=\"elementor-section elementor-top-section elementor-element elementor-element-6625f51 elementor-section-boxed elementor-section-height-default elementor-section-height-default\" data-id=\"6625f51\" data-element_type=\"section\" data-e-type=\"section\" data-settings=\"{&quot;background_background&quot;:&quot;classic&quot;}\">\n\t\t\t\t\t\t<div class=\"elementor-container elementor-column-gap-default\">\n\t\t\t\t\t<div class=\" elementor-column elementor-col-100 elementor-top-column elementor-element elementor-element-84aea23\" data-fullscreen-column-settings=\"{&quot;fullscreen&quot;:&quot;&quot;}\" data-id=\"84aea23\" data-element_type=\"column\" data-e-type=\"column\">\n\t\t\t<div class=\"elementor-widget-wrap elementor-element-populated\">\n\t\t\t\t\t\t<div class=\"elementor-element elementor-element-d535dc6 elementor-widget elementor-widget-image\" data-id=\"d535dc6\" data-element_type=\"widget\" data-e-type=\"widget\" data-widget_type=\"image.default\">\n\t\t\t\t<div class=\"elementor-widget-container\">\n\t\t\t\t\t\t\t\t\t\t\t\t\t\t\t<img fetchpriority=\"high\" decoding=\"async\" width=\"1024\" height=\"609\" src=\"https:\/\/pxsglobal.com\/wp-content\/uploads\/2023\/08\/logos-1024x609.png\" class=\"attachment-large size-large wp-image-77077\" alt=\"\" srcset=\"https:\/\/pxsglobal.com\/wp-content\/uploads\/2023\/08\/logos-1024x609.png 1024w, https:\/\/pxsglobal.com\/wp-content\/uploads\/2023\/08\/logos-300x178.png 300w, https:\/\/pxsglobal.com\/wp-content\/uploads\/2023\/08\/logos-768x456.png 768w, https:\/\/pxsglobal.com\/wp-content\/uploads\/2023\/08\/logos-1536x913.png 1536w, https:\/\/pxsglobal.com\/wp-content\/uploads\/2023\/08\/logos-2048x1217.png 2048w, https:\/\/pxsglobal.com\/wp-content\/uploads\/2023\/08\/logos-200x119.png 200w, https:\/\/pxsglobal.com\/wp-content\/uploads\/2023\/08\/logos-1568x932.png 1568w, https:\/\/pxsglobal.com\/wp-content\/uploads\/2023\/08\/logos-1320x784.png 1320w, https:\/\/pxsglobal.com\/wp-content\/uploads\/2023\/08\/logos-600x357.png 600w\" sizes=\"(max-width: 1024px) 100vw, 1024px\" \/>\t\t\t\t\t\t\t\t\t\t\t\t\t\t\t<\/div>\n\t\t\t\t<\/div>\n\t\t\t\t\t<\/div>\n\t\t<\/div>\n\t\t\t\t\t<\/div>\n\t\t<\/section>\n\t\t\t\t<\/div>\n\t\t","protected":false},"excerpt":{"rendered":"<p>Nuestro Alcance A lo largo de estos 20 a\u00f1os, hemos trabajado en alrededor de 22 pa\u00edses distintos. A\u00f1os 0 Pa\u00edses 0 Adem\u00e1s, con el fin de fortalecer nuestra presencia y [&hellip;]<\/p>\n","protected":false},"author":1,"featured_media":0,"parent":0,"menu_order":0,"comment_status":"closed","ping_status":"closed","template":"","meta":{"footnotes":""},"class_list":["post-12773","page","type-page","status-publish","hentry"],"yoast_head":"<!-- This site is optimized with the Yoast SEO plugin v27.3 - https:\/\/yoast.com\/product\/yoast-seo-wordpress\/ -->\n<title>Nuestro Alcance - PXS<\/title>\n<meta name=\"robots\" content=\"index, follow, max-snippet:-1, max-image-preview:large, max-video-preview:-1\" \/>\n<link rel=\"canonical\" href=\"https:\/\/pxsglobal.com\/es\/nuestro-alcance\/\" \/>\n<meta property=\"og:locale\" content=\"es_ES\" \/>\n<meta property=\"og:type\" content=\"article\" \/>\n<meta property=\"og:title\" content=\"Nuestro Alcance - PXS\" \/>\n<meta property=\"og:description\" content=\"Nuestro Alcance A lo largo de estos 20 a\u00f1os, hemos trabajado en alrededor de 22 pa\u00edses distintos. A\u00f1os 0 Pa\u00edses 0 Adem\u00e1s, con el fin de fortalecer nuestra presencia y [&hellip;]\" \/>\n<meta property=\"og:url\" content=\"https:\/\/pxsglobal.com\/es\/nuestro-alcance\/\" \/>\n<meta property=\"og:site_name\" content=\"PXS\" \/>\n<meta property=\"article:publisher\" content=\"https:\/\/facebook.com\/PXSGlobal\/\" \/>\n<meta property=\"article:modified_time\" content=\"2025-02-04T20:10:39+00:00\" \/>\n<meta property=\"og:image\" content=\"https:\/\/pxsglobal.com\/wp-content\/uploads\/2023\/07\/mapa.png\" \/>\n<meta name=\"twitter:card\" content=\"summary_large_image\" \/>\n<meta name=\"twitter:label1\" content=\"Tiempo de lectura\" \/>\n\t<meta name=\"twitter:data1\" content=\"1 minuto\" \/>\n<script type=\"application\/ld+json\" class=\"yoast-schema-graph\">{\"@context\":\"https:\\\/\\\/schema.org\",\"@graph\":[{\"@type\":\"WebPage\",\"@id\":\"https:\\\/\\\/pxsglobal.com\\\/nuestro-alcance\\\/\",\"url\":\"https:\\\/\\\/pxsglobal.com\\\/nuestro-alcance\\\/\",\"name\":\"Nuestro Alcance - PXS\",\"isPartOf\":{\"@id\":\"https:\\\/\\\/pxsglobal.com\\\/#website\"},\"primaryImageOfPage\":{\"@id\":\"https:\\\/\\\/pxsglobal.com\\\/nuestro-alcance\\\/#primaryimage\"},\"image\":{\"@id\":\"https:\\\/\\\/pxsglobal.com\\\/nuestro-alcance\\\/#primaryimage\"},\"thumbnailUrl\":\"https:\\\/\\\/pxsglobal.com\\\/wp-content\\\/uploads\\\/2023\\\/07\\\/mapa.png\",\"datePublished\":\"2020-08-24T04:49:30+00:00\",\"dateModified\":\"2025-02-04T20:10:39+00:00\",\"breadcrumb\":{\"@id\":\"https:\\\/\\\/pxsglobal.com\\\/nuestro-alcance\\\/#breadcrumb\"},\"inLanguage\":\"es\",\"potentialAction\":[{\"@type\":\"ReadAction\",\"target\":[\"https:\\\/\\\/pxsglobal.com\\\/nuestro-alcance\\\/\"]}]},{\"@type\":\"ImageObject\",\"inLanguage\":\"es\",\"@id\":\"https:\\\/\\\/pxsglobal.com\\\/nuestro-alcance\\\/#primaryimage\",\"url\":\"https:\\\/\\\/pxsglobal.com\\\/wp-content\\\/uploads\\\/2023\\\/07\\\/mapa.png\",\"contentUrl\":\"https:\\\/\\\/pxsglobal.com\\\/wp-content\\\/uploads\\\/2023\\\/07\\\/mapa.png\"},{\"@type\":\"BreadcrumbList\",\"@id\":\"https:\\\/\\\/pxsglobal.com\\\/nuestro-alcance\\\/#breadcrumb\",\"itemListElement\":[{\"@type\":\"ListItem\",\"position\":1,\"name\":\"Portada\",\"item\":\"https:\\\/\\\/pxsglobal.com\\\/\"},{\"@type\":\"ListItem\",\"position\":2,\"name\":\"Nuestro Alcance\"}]},{\"@type\":\"WebSite\",\"@id\":\"https:\\\/\\\/pxsglobal.com\\\/#website\",\"url\":\"https:\\\/\\\/pxsglobal.com\\\/\",\"name\":\"PXS\",\"description\":\"Somos Excelencia\",\"publisher\":{\"@id\":\"https:\\\/\\\/pxsglobal.com\\\/#organization\"},\"alternateName\":\"Performance Excellence Solutions\",\"potentialAction\":[{\"@type\":\"SearchAction\",\"target\":{\"@type\":\"EntryPoint\",\"urlTemplate\":\"https:\\\/\\\/pxsglobal.com\\\/?s={search_term_string}\"},\"query-input\":{\"@type\":\"PropertyValueSpecification\",\"valueRequired\":true,\"valueName\":\"search_term_string\"}}],\"inLanguage\":\"es\"},{\"@type\":\"Organization\",\"@id\":\"https:\\\/\\\/pxsglobal.com\\\/#organization\",\"name\":\"Performance Excellence Solutions\",\"alternateName\":\"PXS\",\"url\":\"https:\\\/\\\/pxsglobal.com\\\/\",\"logo\":{\"@type\":\"ImageObject\",\"inLanguage\":\"es\",\"@id\":\"https:\\\/\\\/pxsglobal.com\\\/#\\\/schema\\\/logo\\\/image\\\/\",\"url\":\"https:\\\/\\\/pxsglobal.com\\\/wp-content\\\/uploads\\\/2024\\\/03\\\/cropped-pxs-favicon.png\",\"contentUrl\":\"https:\\\/\\\/pxsglobal.com\\\/wp-content\\\/uploads\\\/2024\\\/03\\\/cropped-pxs-favicon.png\",\"width\":512,\"height\":512,\"caption\":\"Performance Excellence Solutions\"},\"image\":{\"@id\":\"https:\\\/\\\/pxsglobal.com\\\/#\\\/schema\\\/logo\\\/image\\\/\"},\"sameAs\":[\"https:\\\/\\\/facebook.com\\\/PXSGlobal\\\/\",\"https:\\\/\\\/www.instagram.com\\\/pxsglobal\\\/\",\"https:\\\/\\\/www.linkedin.com\\\/company\\\/pxs-global\\\/\"]}]}<\/script>\n<!-- \/ Yoast SEO plugin. -->","yoast_head_json":{"title":"Nuestro Alcance - PXS","robots":{"index":"index","follow":"follow","max-snippet":"max-snippet:-1","max-image-preview":"max-image-preview:large","max-video-preview":"max-video-preview:-1"},"canonical":"https:\/\/pxsglobal.com\/es\/nuestro-alcance\/","og_locale":"es_ES","og_type":"article","og_title":"Nuestro Alcance - PXS","og_description":"Nuestro Alcance A lo largo de estos 20 a\u00f1os, hemos trabajado en alrededor de 22 pa\u00edses distintos. A\u00f1os 0 Pa\u00edses 0 Adem\u00e1s, con el fin de fortalecer nuestra presencia y [&hellip;]","og_url":"https:\/\/pxsglobal.com\/es\/nuestro-alcance\/","og_site_name":"PXS","article_publisher":"https:\/\/facebook.com\/PXSGlobal\/","article_modified_time":"2025-02-04T20:10:39+00:00","og_image":[{"url":"https:\/\/pxsglobal.com\/wp-content\/uploads\/2023\/07\/mapa.png","type":"","width":"","height":""}],"twitter_card":"summary_large_image","twitter_misc":{"Tiempo de lectura":"1 minuto"},"schema":{"@context":"https:\/\/schema.org","@graph":[{"@type":"WebPage","@id":"https:\/\/pxsglobal.com\/nuestro-alcance\/","url":"https:\/\/pxsglobal.com\/nuestro-alcance\/","name":"Nuestro Alcance - PXS","isPartOf":{"@id":"https:\/\/pxsglobal.com\/#website"},"primaryImageOfPage":{"@id":"https:\/\/pxsglobal.com\/nuestro-alcance\/#primaryimage"},"image":{"@id":"https:\/\/pxsglobal.com\/nuestro-alcance\/#primaryimage"},"thumbnailUrl":"https:\/\/pxsglobal.com\/wp-content\/uploads\/2023\/07\/mapa.png","datePublished":"2020-08-24T04:49:30+00:00","dateModified":"2025-02-04T20:10:39+00:00","breadcrumb":{"@id":"https:\/\/pxsglobal.com\/nuestro-alcance\/#breadcrumb"},"inLanguage":"es","potentialAction":[{"@type":"ReadAction","target":["https:\/\/pxsglobal.com\/nuestro-alcance\/"]}]},{"@type":"ImageObject","inLanguage":"es","@id":"https:\/\/pxsglobal.com\/nuestro-alcance\/#primaryimage","url":"https:\/\/pxsglobal.com\/wp-content\/uploads\/2023\/07\/mapa.png","contentUrl":"https:\/\/pxsglobal.com\/wp-content\/uploads\/2023\/07\/mapa.png"},{"@type":"BreadcrumbList","@id":"https:\/\/pxsglobal.com\/nuestro-alcance\/#breadcrumb","itemListElement":[{"@type":"ListItem","position":1,"name":"Portada","item":"https:\/\/pxsglobal.com\/"},{"@type":"ListItem","position":2,"name":"Nuestro Alcance"}]},{"@type":"WebSite","@id":"https:\/\/pxsglobal.com\/#website","url":"https:\/\/pxsglobal.com\/","name":"PXS","description":"Somos Excelencia","publisher":{"@id":"https:\/\/pxsglobal.com\/#organization"},"alternateName":"Performance Excellence Solutions","potentialAction":[{"@type":"SearchAction","target":{"@type":"EntryPoint","urlTemplate":"https:\/\/pxsglobal.com\/?s={search_term_string}"},"query-input":{"@type":"PropertyValueSpecification","valueRequired":true,"valueName":"search_term_string"}}],"inLanguage":"es"},{"@type":"Organization","@id":"https:\/\/pxsglobal.com\/#organization","name":"Performance Excellence Solutions","alternateName":"PXS","url":"https:\/\/pxsglobal.com\/","logo":{"@type":"ImageObject","inLanguage":"es","@id":"https:\/\/pxsglobal.com\/#\/schema\/logo\/image\/","url":"https:\/\/pxsglobal.com\/wp-content\/uploads\/2024\/03\/cropped-pxs-favicon.png","contentUrl":"https:\/\/pxsglobal.com\/wp-content\/uploads\/2024\/03\/cropped-pxs-favicon.png","width":512,"height":512,"caption":"Performance Excellence Solutions"},"image":{"@id":"https:\/\/pxsglobal.com\/#\/schema\/logo\/image\/"},"sameAs":["https:\/\/facebook.com\/PXSGlobal\/","https:\/\/www.instagram.com\/pxsglobal\/","https:\/\/www.linkedin.com\/company\/pxs-global\/"]}]}},"_links":{"self":[{"href":"https:\/\/pxsglobal.com\/es\/wp-json\/wp\/v2\/pages\/12773","targetHints":{"allow":["GET"]}}],"collection":[{"href":"https:\/\/pxsglobal.com\/es\/wp-json\/wp\/v2\/pages"}],"about":[{"href":"https:\/\/pxsglobal.com\/es\/wp-json\/wp\/v2\/types\/page"}],"author":[{"embeddable":true,"href":"https:\/\/pxsglobal.com\/es\/wp-json\/wp\/v2\/users\/1"}],"replies":[{"embeddable":true,"href":"https:\/\/pxsglobal.com\/es\/wp-json\/wp\/v2\/comments?post=12773"}],"version-history":[{"count":50,"href":"https:\/\/pxsglobal.com\/es\/wp-json\/wp\/v2\/pages\/12773\/revisions"}],"predecessor-version":[{"id":84134,"href":"https:\/\/pxsglobal.com\/es\/wp-json\/wp\/v2\/pages\/12773\/revisions\/84134"}],"wp:attachment":[{"href":"https:\/\/pxsglobal.com\/es\/wp-json\/wp\/v2\/media?parent=12773"}],"curies":[{"name":"wp","href":"https:\/\/api.w.org\/{rel}","templated":true}]}}