{"id":44241,"date":"2020-02-06T08:17:05","date_gmt":"2020-02-06T08:17:05","guid":{"rendered":"https:\/\/litho.themezaa.com\/?page_id=3"},"modified":"2024-01-20T19:11:07","modified_gmt":"2024-01-21T01:11:07","slug":"politica-de-privacidad","status":"publish","type":"page","link":"https:\/\/pxsglobal.com\/es\/politica-de-privacidad\/","title":{"rendered":"Privacy policy"},"content":{"rendered":"\t\t<div data-elementor-type=\"wp-page\" data-elementor-id=\"44241\" class=\"elementor elementor-44241\" data-elementor-post-type=\"page\">\n\t\t\t\t\t\t<section class=\"elementor-section elementor-top-section elementor-element elementor-element-642a197d elementor-section-boxed elementor-section-height-default elementor-section-height-default\" data-id=\"642a197d\" data-element_type=\"section\" data-e-type=\"section\">\n\t\t\t\t\t\t<div class=\"elementor-container elementor-column-gap-default\">\n\t\t\t\t\t<div class=\" elementor-column elementor-col-16 elementor-top-column elementor-element elementor-element-76e2ec6b elementor-hidden-tablet elementor-hidden-phone\" data-fullscreen-column-settings=\"{&quot;fullscreen&quot;:&quot;&quot;}\" data-id=\"76e2ec6b\" data-element_type=\"column\" data-e-type=\"column\">\n\t\t\t<div class=\"elementor-widget-wrap\">\n\t\t\t\t\t\t\t<\/div>\n\t\t<\/div>\n\t\t\t\t<div class=\" elementor-column elementor-col-66 elementor-top-column elementor-element elementor-element-90f3c64\" data-fullscreen-column-settings=\"{&quot;fullscreen&quot;:&quot;&quot;}\" data-id=\"90f3c64\" data-element_type=\"column\" data-e-type=\"column\">\n\t\t\t<div class=\"elementor-widget-wrap elementor-element-populated\">\n\t\t\t\t\t\t<div class=\"elementor-element elementor-element-59f0680 elementor-widget elementor-widget-litho-heading\" data-id=\"59f0680\" data-element_type=\"widget\" data-e-type=\"widget\" data-widget_type=\"litho-heading.default\">\n\t\t\t\t<div class=\"elementor-widget-container\">\n\t\t\t\t\t<h6 class=\"litho-heading elementor-size-default\"><span class=\"litho-primary-title\">Pol\u00edtica de Privacidad<\/span><\/h6>\t\t\t\t<\/div>\n\t\t\t\t<\/div>\n\t\t\t\t<div class=\"elementor-element elementor-element-cc874a4 elementor-widget elementor-widget-text-editor\" data-id=\"cc874a4\" data-element_type=\"widget\" data-e-type=\"widget\" data-widget_type=\"text-editor.default\">\n\t\t\t\t<div class=\"elementor-widget-container\">\n\t\t\t\t\t\t\t\t\t<p>Bienvenido a pxsglobal.com (en adelante, &#8220;nosotros&#8221;, &#8220;nuestra&#8221; o &#8220;el Sitio&#8221;). Nos tomamos en serio la privacidad de nuestros usuarios y visitantes. Esta pol\u00edtica de privacidad describe c\u00f3mo recopilamos, almacenamos, utilizamos y protegemos la informaci\u00f3n que usted proporciona.<\/p>\t\t\t\t\t\t\t\t<\/div>\n\t\t\t\t<\/div>\n\t\t\t\t<div class=\"elementor-element elementor-element-7875983 elementor-widget elementor-widget-litho-heading\" data-id=\"7875983\" data-element_type=\"widget\" data-e-type=\"widget\" data-widget_type=\"litho-heading.default\">\n\t\t\t\t<div class=\"elementor-widget-container\">\n\t\t\t\t\t<h6 class=\"litho-heading elementor-size-default\"><span class=\"litho-primary-title\">1. Informaci\u00f3n que recopilamos:<\/span><\/h6>\t\t\t\t<\/div>\n\t\t\t\t<\/div>\n\t\t\t\t<div class=\"elementor-element elementor-element-95e5efb elementor-widget elementor-widget-text-editor\" data-id=\"95e5efb\" data-element_type=\"widget\" data-e-type=\"widget\" data-widget_type=\"text-editor.default\">\n\t\t\t\t<div class=\"elementor-widget-container\">\n\t\t\t\t\t\t\t\t\t<p><strong>1.1. Informaci\u00f3n personal:<\/strong><br \/>Recopilamos informaci\u00f3n personal que usted nos proporciona voluntariamente, como su nombre, direcci\u00f3n de correo electr\u00f3nico y otra informaci\u00f3n de contacto cuando se suscribe a nuestro bolet\u00edn, realiza una compra o completa formularios en el Sitio.<\/p><p><strong>1.2. Informaci\u00f3n de navegaci\u00f3n:<\/strong><br \/>Recopilamos informaci\u00f3n sobre c\u00f3mo interact\u00faa con nuestro sitio, como las p\u00e1ginas que visita de los cursos, la duraci\u00f3n de la visita y las acciones realizadas. Esto puede incluir informaci\u00f3n sobre su dispositivo y navegador. Dicha informaci\u00f3n no es suministrada a empresas o personas ajenas a PXS.<\/p>\t\t\t\t\t\t\t\t<\/div>\n\t\t\t\t<\/div>\n\t\t\t\t<div class=\"elementor-element elementor-element-441868b elementor-widget elementor-widget-text-editor\" data-id=\"441868b\" data-element_type=\"widget\" data-e-type=\"widget\" data-widget_type=\"text-editor.default\">\n\t\t\t\t<div class=\"elementor-widget-container\">\n\t\t\t\t\t\t\t\t\t<p>Lorem ipsum has been the industry\u2019s standard dummy text ever since the when an unknown printer took a galley of type and scrambled it to make a type specimen book.<\/p>\t\t\t\t\t\t\t\t<\/div>\n\t\t\t\t<\/div>\n\t\t\t\t<div class=\"elementor-element elementor-element-d959f78 elementor-widget elementor-widget-litho-heading\" data-id=\"d959f78\" data-element_type=\"widget\" data-e-type=\"widget\" data-widget_type=\"litho-heading.default\">\n\t\t\t\t<div class=\"elementor-widget-container\">\n\t\t\t\t\t<h6 class=\"litho-heading elementor-size-default\"><span class=\"litho-primary-title\">2. Uso de la informaci\u00f3n:<\/span><\/h6>\t\t\t\t<\/div>\n\t\t\t\t<\/div>\n\t\t\t\t<div class=\"elementor-element elementor-element-ce4d046 elementor-widget elementor-widget-text-editor\" data-id=\"ce4d046\" data-element_type=\"widget\" data-e-type=\"widget\" data-widget_type=\"text-editor.default\">\n\t\t\t\t<div class=\"elementor-widget-container\">\n\t\t\t\t\t\t\t\t\t<p>2.1. <strong>Personalizaci\u00f3n del Sitio:<\/strong> Utilizamos la informaci\u00f3n recopilada para personalizar su experiencia en el Sitio, mostrando contenido y ofertas relevantes.<\/p><p>2.2. <strong>Comunicaci\u00f3n:<\/strong> Podemos utilizar su informaci\u00f3n para enviarle correos electr\u00f3nicos informativos, actualizaciones sobre productos o servicios y otra informaci\u00f3n relevante.<\/p><p>2.3. <strong>Procesamiento de transacciones:<\/strong> Cuando realiza una compra, utilizamos la informaci\u00f3n proporcionada para procesar la transacci\u00f3n y facilitar la entrega de productos o servicios.<\/p>\t\t\t\t\t\t\t\t<\/div>\n\t\t\t\t<\/div>\n\t\t\t\t<div class=\"elementor-element elementor-element-b66a06a elementor-widget elementor-widget-litho-heading\" data-id=\"b66a06a\" data-element_type=\"widget\" data-e-type=\"widget\" data-widget_type=\"litho-heading.default\">\n\t\t\t\t<div class=\"elementor-widget-container\">\n\t\t\t\t\t<h6 class=\"litho-heading elementor-size-default\"><span class=\"litho-primary-title\">3. Protecci\u00f3n de la informaci\u00f3n:<\/span><\/h6>\t\t\t\t<\/div>\n\t\t\t\t<\/div>\n\t\t\t\t<div class=\"elementor-element elementor-element-1a6055b elementor-widget elementor-widget-text-editor\" data-id=\"1a6055b\" data-element_type=\"widget\" data-e-type=\"widget\" data-widget_type=\"text-editor.default\">\n\t\t\t\t<div class=\"elementor-widget-container\">\n\t\t\t\t\t\t\t\t\t<p>Implementamos medidas de seguridad para proteger su informaci\u00f3n personal y asegurarnos de que se utilice de manera segura. Tanto a nivel de una matr\u00edcula de curso o capacitaci\u00f3n como en la descarga de informaci\u00f3n de un curso, protegemos sus datos no los vendemos a terceros.<\/p>\t\t\t\t\t\t\t\t<\/div>\n\t\t\t\t<\/div>\n\t\t\t\t<div class=\"elementor-element elementor-element-a621055 elementor-widget elementor-widget-litho-heading\" data-id=\"a621055\" data-element_type=\"widget\" data-e-type=\"widget\" data-widget_type=\"litho-heading.default\">\n\t\t\t\t<div class=\"elementor-widget-container\">\n\t\t\t\t\t<h6 class=\"litho-heading elementor-size-default\"><span class=\"litho-primary-title\">4. Divulgaci\u00f3n de la informaci\u00f3n:<\/span><\/h6>\t\t\t\t<\/div>\n\t\t\t\t<\/div>\n\t\t\t\t<div class=\"elementor-element elementor-element-d648c15 elementor-widget elementor-widget-text-editor\" data-id=\"d648c15\" data-element_type=\"widget\" data-e-type=\"widget\" data-widget_type=\"text-editor.default\">\n\t\t\t\t<div class=\"elementor-widget-container\">\n\t\t\t\t\t\t\t\t\t<p>No compartimos su informaci\u00f3n personal con terceros, excepto cuando sea necesario para proporcionar los servicios solicitados por usted o cuando la ley lo requiera.<\/p>\t\t\t\t\t\t\t\t<\/div>\n\t\t\t\t<\/div>\n\t\t\t\t<div class=\"elementor-element elementor-element-5241914 elementor-widget elementor-widget-litho-heading\" data-id=\"5241914\" data-element_type=\"widget\" data-e-type=\"widget\" data-widget_type=\"litho-heading.default\">\n\t\t\t\t<div class=\"elementor-widget-container\">\n\t\t\t\t\t<h6 class=\"litho-heading elementor-size-default\"><span class=\"litho-primary-title\">5. Cookies y tecnolog\u00edas similares:<\/span><\/h6>\t\t\t\t<\/div>\n\t\t\t\t<\/div>\n\t\t\t\t<div class=\"elementor-element elementor-element-64d339c elementor-widget elementor-widget-text-editor\" data-id=\"64d339c\" data-element_type=\"widget\" data-e-type=\"widget\" data-widget_type=\"text-editor.default\">\n\t\t\t\t<div class=\"elementor-widget-container\">\n\t\t\t\t\t\t\t\t\t<p>Utilizamos cookies y tecnolog\u00edas similares para mejorar la funcionalidad del Sitio y su experiencia de navegaci\u00f3n. Puede gestionar las preferencias de cookies a trav\u00e9s de la configuraci\u00f3n de su navegador.<\/p>\t\t\t\t\t\t\t\t<\/div>\n\t\t\t\t<\/div>\n\t\t\t\t\t<\/div>\n\t\t<\/div>\n\t\t\t\t<div class=\" elementor-column elementor-col-16 elementor-top-column elementor-element elementor-element-3b1e856 elementor-hidden-tablet elementor-hidden-phone\" data-fullscreen-column-settings=\"{&quot;fullscreen&quot;:&quot;&quot;}\" data-id=\"3b1e856\" data-element_type=\"column\" data-e-type=\"column\">\n\t\t\t<div class=\"elementor-widget-wrap elementor-element-populated\">\n\t\t\t\t\t\t\t<\/div>\n\t\t<\/div>\n\t\t\t\t\t<\/div>\n\t\t<\/section>\n\t\t\t\t<\/div>\n\t\t","protected":false},"excerpt":{"rendered":"<p>Pol\u00edtica de Privacidad Bienvenido a pxsglobal.com (en adelante, &#8220;nosotros&#8221;, &#8220;nuestra&#8221; o &#8220;el Sitio&#8221;). Nos tomamos en serio la privacidad de nuestros usuarios y visitantes. Esta pol\u00edtica de privacidad describe c\u00f3mo [&hellip;]<\/p>\n","protected":false},"author":1,"featured_media":0,"parent":0,"menu_order":202,"comment_status":"closed","ping_status":"closed","template":"","meta":{"footnotes":""},"class_list":["post-44241","page","type-page","status-publish","hentry"],"_links":{"self":[{"href":"https:\/\/pxsglobal.com\/es\/wp-json\/wp\/v2\/pages\/44241","targetHints":{"allow":["GET"]}}],"collection":[{"href":"https:\/\/pxsglobal.com\/es\/wp-json\/wp\/v2\/pages"}],"about":[{"href":"https:\/\/pxsglobal.com\/es\/wp-json\/wp\/v2\/types\/page"}],"author":[{"embeddable":true,"href":"https:\/\/pxsglobal.com\/es\/wp-json\/wp\/v2\/users\/1"}],"replies":[{"embeddable":true,"href":"https:\/\/pxsglobal.com\/es\/wp-json\/wp\/v2\/comments?post=44241"}],"version-history":[{"count":19,"href":"https:\/\/pxsglobal.com\/es\/wp-json\/wp\/v2\/pages\/44241\/revisions"}],"predecessor-version":[{"id":81067,"href":"https:\/\/pxsglobal.com\/es\/wp-json\/wp\/v2\/pages\/44241\/revisions\/81067"}],"wp:attachment":[{"href":"https:\/\/pxsglobal.com\/es\/wp-json\/wp\/v2\/media?parent=44241"}],"curies":[{"name":"wp","href":"https:\/\/api.w.org\/{rel}","templated":true}]}}