{"id":77411,"date":"2023-09-01T00:38:59","date_gmt":"2023-09-01T06:38:59","guid":{"rendered":"https:\/\/pxsglobal.com\/?page_id=77411"},"modified":"2025-11-20T16:27:55","modified_gmt":"2025-11-20T22:27:55","slug":"project-management","status":"publish","type":"page","link":"https:\/\/pxsglobal.com\/es\/project-management\/","title":{"rendered":"Project Management\u200b"},"content":{"rendered":"\t\t<div data-elementor-type=\"wp-page\" data-elementor-id=\"77411\" class=\"elementor elementor-77411\" data-elementor-post-type=\"page\">\n\t\t\t\t\t\t<section class=\"elementor-section elementor-top-section elementor-element elementor-element-e5eff0b elementor-section-boxed elementor-section-height-default elementor-section-height-default\" data-id=\"e5eff0b\" data-element_type=\"section\" data-e-type=\"section\">\n\t\t\t\t\t\t<div class=\"elementor-container elementor-column-gap-default\">\n\t\t\t\t\t<div class=\" elementor-column elementor-col-100 elementor-top-column elementor-element elementor-element-563b06e\" data-fullscreen-column-settings=\"{&quot;fullscreen&quot;:&quot;&quot;}\" data-id=\"563b06e\" data-element_type=\"column\" data-e-type=\"column\">\n\t\t\t<div class=\"elementor-widget-wrap elementor-element-populated\">\n\t\t\t\t\t\t<section class=\"elementor-section elementor-inner-section elementor-element elementor-element-9164583 elementor-section-full_width elementor-section-height-default elementor-section-height-default\" data-id=\"9164583\" data-element_type=\"section\" data-e-type=\"section\">\n\t\t\t\t\t\t<div class=\"elementor-container elementor-column-gap-default\">\n\t\t\t\t\t<div class=\" elementor-column elementor-col-100 elementor-inner-column elementor-element elementor-element-d4e62ee\" data-fullscreen-column-settings=\"{&quot;fullscreen&quot;:&quot;&quot;}\" data-id=\"d4e62ee\" data-element_type=\"column\" data-e-type=\"column\">\n\t\t\t<div class=\"elementor-widget-wrap elementor-element-populated\">\n\t\t\t\t\t\t<div class=\"elementor-element elementor-element-ba0cb19 elementor-view-default elementor-widget elementor-widget-litho-tilt-box\" data-id=\"ba0cb19\" data-element_type=\"widget\" data-e-type=\"widget\" data-settings=\"{&quot;litho_tilt_box_title_background_color_background&quot;:&quot;classic&quot;}\" data-widget_type=\"litho-tilt-box.default\">\n\t\t\t\t<div class=\"elementor-widget-container\">\n\t\t\t\t\t\t\t\t\t\t<div class=\"tilt-box-inner\">\n\t\t\t\t\t\t<div class=\"tilt-box\">\n\t\t\t\t\t\t\t<div class=\"tilt-box-wrapper tilt-box-style-2\">\n\t\t\t\t\t\t\t\t\t\t\t\t\t\t\t\t\t\t\t\t\t\t\t\t\t\t\t\t\t\t\t\t\t\t<span class=\"overlap-title\" style=\"background-image: url(https:\/\/pxsglobal.com\/wp-content\/uploads\/2023\/07\/bannerorange.png);\">PROJECT MANAGEMENT\u200b<\/span>\n\t\t\t\t\t\t\t\t\t\t\t\t\t\t\t<\/div>\n\t\t\t\t\t\t<\/div>\n\t\t\t\t\t<\/div>\n\t\t\t\t\t\t\t\t\t<\/div>\n\t\t\t\t<\/div>\n\t\t\t\t\t<\/div>\n\t\t<\/div>\n\t\t\t\t\t<\/div>\n\t\t<\/section>\n\t\t\t\t\t<\/div>\n\t\t<\/div>\n\t\t\t\t\t<\/div>\n\t\t<\/section>\n\t\t\t\t<section class=\"elementor-section elementor-top-section elementor-element elementor-element-1305edd elementor-section-boxed elementor-section-height-default elementor-section-height-default elementor-invisible\" data-id=\"1305edd\" data-element_type=\"section\" data-e-type=\"section\" data-settings=\"{&quot;background_background&quot;:&quot;classic&quot;,&quot;animation&quot;:&quot;fadeIn&quot;}\">\n\t\t\t\t\t\t<div class=\"elementor-container elementor-column-gap-default\">\n\t\t\t\t\t<div class=\" elementor-column elementor-col-100 elementor-top-column elementor-element elementor-element-572c2fa\" data-fullscreen-column-settings=\"{&quot;fullscreen&quot;:&quot;&quot;}\" data-id=\"572c2fa\" data-element_type=\"column\" data-e-type=\"column\">\n\t\t\t<div class=\"elementor-widget-wrap elementor-element-populated\">\n\t\t\t\t\t\t<section class=\"elementor-section elementor-inner-section elementor-element elementor-element-df28504 elementor-section-boxed elementor-section-height-default elementor-section-height-default\" data-id=\"df28504\" data-element_type=\"section\" data-e-type=\"section\">\n\t\t\t\t\t\t<div class=\"elementor-container elementor-column-gap-default\">\n\t\t\t\t\t<div class=\" elementor-column elementor-col-100 elementor-inner-column elementor-element elementor-element-a2b7434\" data-fullscreen-column-settings=\"{&quot;fullscreen&quot;:&quot;&quot;}\" data-id=\"a2b7434\" data-element_type=\"column\" data-e-type=\"column\">\n\t\t\t<div class=\"elementor-widget-wrap elementor-element-populated\">\n\t\t\t\t\t\t<div class=\"elementor-element elementor-element-ff9ff50 elementor-widget elementor-widget-litho-heading\" data-id=\"ff9ff50\" data-element_type=\"widget\" data-e-type=\"widget\" data-widget_type=\"litho-heading.default\">\n\t\t\t\t<div class=\"elementor-widget-container\">\n\t\t\t\t\t<h2 class=\"litho-heading elementor-size-default\"><span class=\"litho-primary-title\">Oferta de Programas de <\/span><span class=\"litho-secondary-title\">Desarrollo de Talento<\/span><\/h2>\t\t\t\t<\/div>\n\t\t\t\t<\/div>\n\t\t\t\t\t<\/div>\n\t\t<\/div>\n\t\t\t\t\t<\/div>\n\t\t<\/section>\n\t\t\t\t\t<\/div>\n\t\t<\/div>\n\t\t\t\t\t<\/div>\n\t\t<\/section>\n\t\t<div class=\"elementor-element elementor-element-64ec947 e-flex e-con-boxed e-con e-parent\" data-id=\"64ec947\" data-element_type=\"container\" data-e-type=\"container\">\n\t\t\t\t\t<div class=\"e-con-inner\">\n\t\t\t\t<div class=\"elementor-element elementor-element-3b6c8b0 elementor-widget elementor-widget-spacer\" data-id=\"3b6c8b0\" data-element_type=\"widget\" data-e-type=\"widget\" data-widget_type=\"spacer.default\">\n\t\t\t\t<div class=\"elementor-widget-container\">\n\t\t\t\t\t\t\t<div class=\"elementor-spacer\">\n\t\t\t<div class=\"elementor-spacer-inner\"><\/div>\n\t\t<\/div>\n\t\t\t\t\t\t<\/div>\n\t\t\t\t<\/div>\n\t\t\t\t\t<\/div>\n\t\t\t\t<\/div>\n\t\t<div class=\"elementor-element elementor-element-6308a2e e-flex e-con-boxed e-con e-parent\" data-id=\"6308a2e\" data-element_type=\"container\" data-e-type=\"container\">\n\t\t\t\t\t<div class=\"e-con-inner\">\n\t\t\t\t<div class=\"elementor-element elementor-element-de9dfc1 elementor-widget elementor-widget-text-editor\" data-id=\"de9dfc1\" data-element_type=\"widget\" data-e-type=\"widget\" data-widget_type=\"text-editor.default\">\n\t\t\t\t<div class=\"elementor-widget-container\">\n\t\t\t\t\t\t\t\t\t<p><span style=\"font-weight: 400;\">Desarrollar competencias de administraci\u00f3n de proyectos involucra elementos como comunicaci\u00f3n efectiva, negociaci\u00f3n, programaci\u00f3n y administraci\u00f3n del tiempo, liderazgo, experiencia t\u00e9cnica, administraci\u00f3n del riesgo, pensamiento cr\u00edtico y resoluci\u00f3n de problemas.<\/span><\/p><p><span style=\"font-weight: 400;\">El portafolio de soluciones dise\u00f1ado por PXS permite desarrollar estas competencias desde el nivel m\u00e1s b\u00e1sico, hasta certificar internacionalmente los conocimientos, siempre con el estilo PXSiano de Desarrollo del Talento.<\/span><\/p>\t\t\t\t\t\t\t\t<\/div>\n\t\t\t\t<\/div>\n\t\t\t\t\t<\/div>\n\t\t\t\t<\/div>\n\t\t<div class=\"elementor-element elementor-element-07785f0 e-flex e-con-boxed e-con e-parent\" data-id=\"07785f0\" data-element_type=\"container\" data-e-type=\"container\">\n\t\t\t\t\t<div class=\"e-con-inner\">\n\t\t<div class=\"elementor-element elementor-element-e5cd55d e-con-full e-flex e-con e-child\" data-id=\"e5cd55d\" data-element_type=\"container\" data-e-type=\"container\">\n\t\t\t\t<div class=\"elementor-element elementor-element-4562c76 elementor-widget elementor-widget-image\" data-id=\"4562c76\" data-element_type=\"widget\" data-e-type=\"widget\" data-widget_type=\"image.default\">\n\t\t\t\t<div class=\"elementor-widget-container\">\n\t\t\t\t\t\t\t\t\t\t\t\t\t\t\t\t<a href=\"https:\/\/pxsglobal.com\/ap\/\">\n\t\t\t\t\t\t\t<img fetchpriority=\"high\" decoding=\"async\" width=\"1024\" height=\"657\" src=\"https:\/\/pxsglobal.com\/wp-content\/uploads\/2023\/10\/Admnistracion-de-Proyectos-1024x657.png\" class=\"attachment-large size-large wp-image-78402\" alt=\"AP\" srcset=\"https:\/\/pxsglobal.com\/wp-content\/uploads\/2023\/10\/Admnistracion-de-Proyectos-1024x657.png 1024w, https:\/\/pxsglobal.com\/wp-content\/uploads\/2023\/10\/Admnistracion-de-Proyectos-300x193.png 300w, https:\/\/pxsglobal.com\/wp-content\/uploads\/2023\/10\/Admnistracion-de-Proyectos-768x493.png 768w, https:\/\/pxsglobal.com\/wp-content\/uploads\/2023\/10\/Admnistracion-de-Proyectos-200x128.png 200w, https:\/\/pxsglobal.com\/wp-content\/uploads\/2023\/10\/Admnistracion-de-Proyectos-1320x848.png 1320w, https:\/\/pxsglobal.com\/wp-content\/uploads\/2023\/10\/Admnistracion-de-Proyectos-600x385.png 600w, https:\/\/pxsglobal.com\/wp-content\/uploads\/2023\/10\/Admnistracion-de-Proyectos.png 1464w\" sizes=\"(max-width: 1024px) 100vw, 1024px\" \/>\t\t\t\t\t\t\t\t<\/a>\n\t\t\t\t\t\t\t\t\t\t\t\t\t\t\t<\/div>\n\t\t\t\t<\/div>\n\t\t\t\t<div class=\"elementor-element elementor-element-33d36e1 elementor-widget elementor-widget-heading\" data-id=\"33d36e1\" data-element_type=\"widget\" data-e-type=\"widget\" data-widget_type=\"heading.default\">\n\t\t\t\t<div class=\"elementor-widget-container\">\n\t\t\t\t\t<h5 class=\"elementor-heading-title elementor-size-default\">Administraci\u00f3n de proyectos<\/h5>\t\t\t\t<\/div>\n\t\t\t\t<\/div>\n\t\t\t\t<\/div>\n\t\t<div class=\"elementor-element elementor-element-16e19de e-con-full e-flex e-con e-child\" data-id=\"16e19de\" data-element_type=\"container\" data-e-type=\"container\">\n\t\t\t\t<div class=\"elementor-element elementor-element-59346e1 elementor-widget elementor-widget-image\" data-id=\"59346e1\" data-element_type=\"widget\" data-e-type=\"widget\" data-widget_type=\"image.default\">\n\t\t\t\t<div class=\"elementor-widget-container\">\n\t\t\t\t\t\t\t\t\t\t\t\t\t\t\t\t<a href=\"https:\/\/pxsglobal.com\/pmp\/\">\n\t\t\t\t\t\t\t<img decoding=\"async\" width=\"1024\" height=\"657\" src=\"https:\/\/pxsglobal.com\/wp-content\/uploads\/2023\/10\/Project-Management-1024x657.png\" class=\"attachment-large size-large wp-image-78405\" alt=\"PMP\" srcset=\"https:\/\/pxsglobal.com\/wp-content\/uploads\/2023\/10\/Project-Management-1024x657.png 1024w, https:\/\/pxsglobal.com\/wp-content\/uploads\/2023\/10\/Project-Management-300x193.png 300w, https:\/\/pxsglobal.com\/wp-content\/uploads\/2023\/10\/Project-Management-768x493.png 768w, https:\/\/pxsglobal.com\/wp-content\/uploads\/2023\/10\/Project-Management-200x128.png 200w, https:\/\/pxsglobal.com\/wp-content\/uploads\/2023\/10\/Project-Management-1320x848.png 1320w, https:\/\/pxsglobal.com\/wp-content\/uploads\/2023\/10\/Project-Management-600x385.png 600w, https:\/\/pxsglobal.com\/wp-content\/uploads\/2023\/10\/Project-Management.png 1464w\" sizes=\"(max-width: 1024px) 100vw, 1024px\" \/>\t\t\t\t\t\t\t\t<\/a>\n\t\t\t\t\t\t\t\t\t\t\t\t\t\t\t<\/div>\n\t\t\t\t<\/div>\n\t\t\t\t<div class=\"elementor-element elementor-element-e1ed61d elementor-widget elementor-widget-heading\" data-id=\"e1ed61d\" data-element_type=\"widget\" data-e-type=\"widget\" data-widget_type=\"heading.default\">\n\t\t\t\t<div class=\"elementor-widget-container\">\n\t\t\t\t\t<h5 class=\"elementor-heading-title elementor-size-default\">Project Management Professional<\/h5>\t\t\t\t<\/div>\n\t\t\t\t<\/div>\n\t\t\t\t<\/div>\n\t\t\t\t\t<\/div>\n\t\t\t\t<\/div>\n\t\t<div class=\"elementor-element elementor-element-b804566 e-flex e-con-boxed e-con e-parent\" data-id=\"b804566\" data-element_type=\"container\" data-e-type=\"container\">\n\t\t\t\t\t<div class=\"e-con-inner\">\n\t\t<div class=\"elementor-element elementor-element-b2f7688 e-con-full e-flex e-con e-child\" data-id=\"b2f7688\" data-element_type=\"container\" data-e-type=\"container\">\n\t\t\t\t<div class=\"elementor-element elementor-element-4ce8a48 elementor-widget elementor-widget-image\" data-id=\"4ce8a48\" data-element_type=\"widget\" data-e-type=\"widget\" data-widget_type=\"image.default\">\n\t\t\t\t<div class=\"elementor-widget-container\">\n\t\t\t\t\t\t\t\t\t\t\t\t\t\t\t\t<a href=\"https:\/\/pxsglobal.com\/ppo\/\">\n\t\t\t\t\t\t\t<img decoding=\"async\" width=\"1024\" height=\"657\" src=\"https:\/\/pxsglobal.com\/wp-content\/uploads\/2023\/10\/Profesisonal-Scrum-Owner-1024x657.png\" class=\"attachment-large size-large wp-image-78403\" alt=\"PPO\" srcset=\"https:\/\/pxsglobal.com\/wp-content\/uploads\/2023\/10\/Profesisonal-Scrum-Owner-1024x657.png 1024w, https:\/\/pxsglobal.com\/wp-content\/uploads\/2023\/10\/Profesisonal-Scrum-Owner-300x193.png 300w, https:\/\/pxsglobal.com\/wp-content\/uploads\/2023\/10\/Profesisonal-Scrum-Owner-768x493.png 768w, https:\/\/pxsglobal.com\/wp-content\/uploads\/2023\/10\/Profesisonal-Scrum-Owner-200x128.png 200w, https:\/\/pxsglobal.com\/wp-content\/uploads\/2023\/10\/Profesisonal-Scrum-Owner-1320x848.png 1320w, https:\/\/pxsglobal.com\/wp-content\/uploads\/2023\/10\/Profesisonal-Scrum-Owner-600x385.png 600w, https:\/\/pxsglobal.com\/wp-content\/uploads\/2023\/10\/Profesisonal-Scrum-Owner.png 1464w\" sizes=\"(max-width: 1024px) 100vw, 1024px\" \/>\t\t\t\t\t\t\t\t<\/a>\n\t\t\t\t\t\t\t\t\t\t\t\t\t\t\t<\/div>\n\t\t\t\t<\/div>\n\t\t\t\t<div class=\"elementor-element elementor-element-1afcdc2 elementor-widget elementor-widget-heading\" data-id=\"1afcdc2\" data-element_type=\"widget\" data-e-type=\"widget\" data-widget_type=\"heading.default\">\n\t\t\t\t<div class=\"elementor-widget-container\">\n\t\t\t\t\t<h5 class=\"elementor-heading-title elementor-size-default\">Professional SCRUM Owner<\/h5>\t\t\t\t<\/div>\n\t\t\t\t<\/div>\n\t\t\t\t<\/div>\n\t\t<div class=\"elementor-element elementor-element-7d00f50 e-con-full e-flex e-con e-child\" data-id=\"7d00f50\" data-element_type=\"container\" data-e-type=\"container\">\n\t\t\t\t<div class=\"elementor-element elementor-element-6c2ed6b elementor-widget elementor-widget-image\" data-id=\"6c2ed6b\" data-element_type=\"widget\" data-e-type=\"widget\" data-widget_type=\"image.default\">\n\t\t\t\t<div class=\"elementor-widget-container\">\n\t\t\t\t\t\t\t\t\t\t\t\t\t\t\t\t<a href=\"https:\/\/pxsglobal.com\/psm\/\">\n\t\t\t\t\t\t\t<img loading=\"lazy\" decoding=\"async\" width=\"1024\" height=\"657\" src=\"https:\/\/pxsglobal.com\/wp-content\/uploads\/2023\/10\/Professional-Scrum-Master-1024x657.png\" class=\"attachment-large size-large wp-image-78404\" alt=\"PSM\" srcset=\"https:\/\/pxsglobal.com\/wp-content\/uploads\/2023\/10\/Professional-Scrum-Master-1024x657.png 1024w, https:\/\/pxsglobal.com\/wp-content\/uploads\/2023\/10\/Professional-Scrum-Master-300x193.png 300w, https:\/\/pxsglobal.com\/wp-content\/uploads\/2023\/10\/Professional-Scrum-Master-768x493.png 768w, https:\/\/pxsglobal.com\/wp-content\/uploads\/2023\/10\/Professional-Scrum-Master-200x128.png 200w, https:\/\/pxsglobal.com\/wp-content\/uploads\/2023\/10\/Professional-Scrum-Master-1320x848.png 1320w, https:\/\/pxsglobal.com\/wp-content\/uploads\/2023\/10\/Professional-Scrum-Master-600x385.png 600w, https:\/\/pxsglobal.com\/wp-content\/uploads\/2023\/10\/Professional-Scrum-Master.png 1464w\" sizes=\"(max-width: 1024px) 100vw, 1024px\" \/>\t\t\t\t\t\t\t\t<\/a>\n\t\t\t\t\t\t\t\t\t\t\t\t\t\t\t<\/div>\n\t\t\t\t<\/div>\n\t\t\t\t<div class=\"elementor-element elementor-element-7fd138f elementor-widget elementor-widget-heading\" data-id=\"7fd138f\" data-element_type=\"widget\" data-e-type=\"widget\" data-widget_type=\"heading.default\">\n\t\t\t\t<div class=\"elementor-widget-container\">\n\t\t\t\t\t<h5 class=\"elementor-heading-title elementor-size-default\">Professional SCRUM Master<\/h5>\t\t\t\t<\/div>\n\t\t\t\t<\/div>\n\t\t\t\t<\/div>\n\t\t\t\t\t<\/div>\n\t\t\t\t<\/div>\n\t\t\t\t<\/div>\n\t\t","protected":false},"excerpt":{"rendered":"<p>PROJECT MANAGEMENT\u200b Oferta de Programas de Desarrollo de Talento Desarrollar competencias de administraci\u00f3n de proyectos involucra elementos como comunicaci\u00f3n efectiva, negociaci\u00f3n, programaci\u00f3n y administraci\u00f3n del tiempo, liderazgo, experiencia t\u00e9cnica, administraci\u00f3n [&hellip;]<\/p>\n","protected":false},"author":1,"featured_media":0,"parent":0,"menu_order":0,"comment_status":"closed","ping_status":"closed","template":"","meta":{"footnotes":""},"class_list":["post-77411","page","type-page","status-publish","hentry"],"_links":{"self":[{"href":"https:\/\/pxsglobal.com\/es\/wp-json\/wp\/v2\/pages\/77411","targetHints":{"allow":["GET"]}}],"collection":[{"href":"https:\/\/pxsglobal.com\/es\/wp-json\/wp\/v2\/pages"}],"about":[{"href":"https:\/\/pxsglobal.com\/es\/wp-json\/wp\/v2\/types\/page"}],"author":[{"embeddable":true,"href":"https:\/\/pxsglobal.com\/es\/wp-json\/wp\/v2\/users\/1"}],"replies":[{"embeddable":true,"href":"https:\/\/pxsglobal.com\/es\/wp-json\/wp\/v2\/comments?post=77411"}],"version-history":[{"count":25,"href":"https:\/\/pxsglobal.com\/es\/wp-json\/wp\/v2\/pages\/77411\/revisions"}],"predecessor-version":[{"id":85161,"href":"https:\/\/pxsglobal.com\/es\/wp-json\/wp\/v2\/pages\/77411\/revisions\/85161"}],"wp:attachment":[{"href":"https:\/\/pxsglobal.com\/es\/wp-json\/wp\/v2\/media?parent=77411"}],"curies":[{"name":"wp","href":"https:\/\/api.w.org\/{rel}","templated":true}]}}