{"id":80520,"date":"2025-02-10T17:28:46","date_gmt":"2025-02-10T23:28:46","guid":{"rendered":"https:\/\/pxsglobal.com\/?page_id=80520"},"modified":"2025-02-10T17:28:46","modified_gmt":"2025-02-10T23:28:46","slug":"editorial","status":"publish","type":"page","link":"https:\/\/pxsglobal.com\/es\/editorial\/","title":{"rendered":"editorial"},"content":{"rendered":"\t\t<div data-elementor-type=\"wp-page\" data-elementor-id=\"80520\" class=\"elementor elementor-80520\" data-elementor-post-type=\"page\">\n\t\t\t\t<div class=\"elementor-element elementor-element-820f3cc e-flex e-con-boxed e-con e-parent\" data-id=\"820f3cc\" data-element_type=\"container\" data-e-type=\"container\">\n\t\t\t\t\t<div class=\"e-con-inner\">\n\t\t\t\t\t<\/div>\n\t\t\t\t<\/div>\n\t\t<div class=\"elementor-element elementor-element-421ce9e e-flex e-con-boxed e-con e-parent\" data-id=\"421ce9e\" data-element_type=\"container\" data-e-type=\"container\">\n\t\t\t\t\t<div class=\"e-con-inner\">\n\t\t<div class=\"elementor-element elementor-element-20ebd13 e-con-full e-flex elementor-invisible e-con e-child\" data-id=\"20ebd13\" data-element_type=\"container\" data-e-type=\"container\" data-settings=\"{&quot;animation&quot;:&quot;slideInLeft&quot;}\">\n\t\t\t\t<div class=\"elementor-element elementor-element-e431f0f elementor-widget elementor-widget-heading\" data-id=\"e431f0f\" data-element_type=\"widget\" data-e-type=\"widget\" data-widget_type=\"heading.default\">\n\t\t\t\t<div class=\"elementor-widget-container\">\n\t\t\t\t\t<h1 class=\"elementor-heading-title elementor-size-default\">EBOOKS<\/h1>\t\t\t\t<\/div>\n\t\t\t\t<\/div>\n\t\t\t\t<div class=\"elementor-element elementor-element-06b488d elementor-widget elementor-widget-text-editor\" data-id=\"06b488d\" data-element_type=\"widget\" data-e-type=\"widget\" data-widget_type=\"text-editor.default\">\n\t\t\t\t<div class=\"elementor-widget-container\">\n\t\t\t\t\t\t\t\t\t<div class=\"wpb_text_column wpb_content_element \"><div class=\"wpb_wrapper\"><p>Todos los integrantes de PXS son expertos en sus \u00e1reas, profesionales con amplia experiencia en sus campos, y personas que buscan la excelencia en cada una de sus acciones.<\/p><p>Queremos dejarles los ebooks que estos PXSianos escriben para compartir conocimientos y generar una comunidad de seguidores de la excelencia. Algunos que podr\u00e1 encontrar son:<\/p><\/div><\/div><ul><li>An\u00e1lisis de puntos at\u00edpicos.<\/li><li>Estudio de cargas de trabajo.<\/li><li>Las 7 herramientas de la calidad.<\/li><li>Las bases del an\u00e1lisis de varianza<\/li><\/ul><p>Puede descargarlos en el siguiente enlace:<\/p>\t\t\t\t\t\t\t\t<\/div>\n\t\t\t\t<\/div>\n\t\t\t\t<div class=\"elementor-element elementor-element-13912d3 elementor-widget elementor-widget-button\" data-id=\"13912d3\" data-element_type=\"widget\" data-e-type=\"widget\" data-widget_type=\"button.default\">\n\t\t\t\t<div class=\"elementor-widget-container\">\n\t\t\t\t\t\t\t\t\t<div class=\"elementor-button-wrapper\">\n\t\t\t\t\t<a class=\"elementor-button elementor-button-link elementor-size-lg\" href=\"https:\/\/pxsglobal.com\/wp-content\/uploads\/2023\/11\/ebooks-PXS-1.zip\">\n\t\t\t\t\t\t<span class=\"elementor-button-content-wrapper\">\n\t\t\t\t\t\t\t\t\t<span class=\"elementor-button-text\">Descargar los eBooks<\/span>\n\t\t\t\t\t<\/span>\n\t\t\t\t\t<\/a>\n\t\t\t\t<\/div>\n\t\t\t\t\t\t\t\t<\/div>\n\t\t\t\t<\/div>\n\t\t\t\t<\/div>\n\t\t<div class=\"elementor-element elementor-element-27758a3 e-con-full e-flex elementor-invisible e-con e-child\" data-id=\"27758a3\" data-element_type=\"container\" data-e-type=\"container\" data-settings=\"{&quot;animation&quot;:&quot;slideInRight&quot;}\">\n\t\t\t\t<div class=\"elementor-element elementor-element-16f4e89 elementor-widget elementor-widget-image\" data-id=\"16f4e89\" data-element_type=\"widget\" data-e-type=\"widget\" data-widget_type=\"image.default\">\n\t\t\t\t<div class=\"elementor-widget-container\">\n\t\t\t\t\t\t\t\t\t\t\t\t\t\t\t<img fetchpriority=\"high\" decoding=\"async\" width=\"450\" height=\"375\" src=\"https:\/\/pxsglobal.com\/wp-content\/uploads\/2023\/11\/ebooks-1.png\" class=\"attachment-large size-large wp-image-80522\" alt=\"ebooks-1\" srcset=\"https:\/\/pxsglobal.com\/wp-content\/uploads\/2023\/11\/ebooks-1.png 450w, https:\/\/pxsglobal.com\/wp-content\/uploads\/2023\/11\/ebooks-1-300x250.png 300w, https:\/\/pxsglobal.com\/wp-content\/uploads\/2023\/11\/ebooks-1-200x167.png 200w\" sizes=\"(max-width: 450px) 100vw, 450px\" \/>\t\t\t\t\t\t\t\t\t\t\t\t\t\t\t<\/div>\n\t\t\t\t<\/div>\n\t\t\t\t<\/div>\n\t\t\t\t\t<\/div>\n\t\t\t\t<\/div>\n\t\t<div class=\"elementor-element elementor-element-3395765 e-flex e-con-boxed e-con e-parent\" data-id=\"3395765\" data-element_type=\"container\" data-e-type=\"container\">\n\t\t\t\t\t<div class=\"e-con-inner\">\n\t\t<div class=\"elementor-element elementor-element-7c431e8 e-con-full e-flex elementor-invisible e-con e-child\" data-id=\"7c431e8\" data-element_type=\"container\" data-e-type=\"container\" data-settings=\"{&quot;animation&quot;:&quot;slideInLeft&quot;}\">\n\t\t\t\t<div class=\"elementor-element elementor-element-7a0468a elementor-widget elementor-widget-heading\" data-id=\"7a0468a\" data-element_type=\"widget\" data-e-type=\"widget\" data-widget_type=\"heading.default\">\n\t\t\t\t<div class=\"elementor-widget-container\">\n\t\t\t\t\t<h2 class=\"elementor-heading-title elementor-size-default\">\u00bfSix Sigma y Design Thinking?<\/h2>\t\t\t\t<\/div>\n\t\t\t\t<\/div>\n\t\t\t\t<div class=\"elementor-element elementor-element-4516a0c elementor-widget elementor-widget-text-editor\" data-id=\"4516a0c\" data-element_type=\"widget\" data-e-type=\"widget\" data-widget_type=\"text-editor.default\">\n\t\t\t\t<div class=\"elementor-widget-container\">\n\t\t\t\t\t\t\t\t\t<p><strong>A Six Sigma se le acusa de ser demasiado met\u00f3dico al punto de inhibir la innovacion, y a Design Thinking como un vano intento de sistematizar lo \u201cinsistematizable\u201d, \u00bfqu\u00e9 tienen en comun? El trabajo en equipo.<\/strong><\/p>\t\t\t\t\t\t\t\t<\/div>\n\t\t\t\t<\/div>\n\t\t\t\t<div class=\"elementor-element elementor-element-2d814a3 elementor-widget elementor-widget-heading\" data-id=\"2d814a3\" data-element_type=\"widget\" data-e-type=\"widget\" data-widget_type=\"heading.default\">\n\t\t\t\t<div class=\"elementor-widget-container\">\n\t\t\t\t\t<h2 class=\"elementor-heading-title elementor-size-default\">TRIZ<\/h2>\t\t\t\t<\/div>\n\t\t\t\t<\/div>\n\t\t\t\t<div class=\"elementor-element elementor-element-a0dce85 elementor-widget elementor-widget-text-editor\" data-id=\"a0dce85\" data-element_type=\"widget\" data-e-type=\"widget\" data-widget_type=\"text-editor.default\">\n\t\t\t\t<div class=\"elementor-widget-container\">\n\t\t\t\t\t\t\t\t\t<p><strong>Es una extraordinaria herramienta de generacion de ideas, solucion de problemas e invencion originaria de Rusia.<\/strong><\/p>\t\t\t\t\t\t\t\t<\/div>\n\t\t\t\t<\/div>\n\t\t\t\t<\/div>\n\t\t<div class=\"elementor-element elementor-element-3123b88 e-con-full e-flex elementor-invisible e-con e-child\" data-id=\"3123b88\" data-element_type=\"container\" data-e-type=\"container\" data-settings=\"{&quot;animation&quot;:&quot;slideInUp&quot;}\">\n\t\t\t\t<div class=\"elementor-element elementor-element-90396f0 elementor-widget elementor-widget-image\" data-id=\"90396f0\" data-element_type=\"widget\" data-e-type=\"widget\" data-widget_type=\"image.default\">\n\t\t\t\t<div class=\"elementor-widget-container\">\n\t\t\t\t\t\t\t\t\t\t\t\t\t\t\t<img decoding=\"async\" width=\"426\" height=\"578\" src=\"https:\/\/pxsglobal.com\/wp-content\/uploads\/2023\/11\/dfss-1.png\" class=\"attachment-large size-large wp-image-80523\" alt=\"dfss-1\" srcset=\"https:\/\/pxsglobal.com\/wp-content\/uploads\/2023\/11\/dfss-1.png 426w, https:\/\/pxsglobal.com\/wp-content\/uploads\/2023\/11\/dfss-1-221x300.png 221w, https:\/\/pxsglobal.com\/wp-content\/uploads\/2023\/11\/dfss-1-200x271.png 200w, https:\/\/pxsglobal.com\/wp-content\/uploads\/2023\/11\/dfss-1-300x407.png 300w\" sizes=\"(max-width: 426px) 100vw, 426px\" \/>\t\t\t\t\t\t\t\t\t\t\t\t\t\t\t<\/div>\n\t\t\t\t<\/div>\n\t\t\t\t<\/div>\n\t\t<div class=\"elementor-element elementor-element-f44efd7 e-con-full e-flex elementor-invisible e-con e-child\" data-id=\"f44efd7\" data-element_type=\"container\" data-e-type=\"container\" data-settings=\"{&quot;animation&quot;:&quot;slideInRight&quot;}\">\n\t\t\t\t<div class=\"elementor-element elementor-element-057366f elementor-widget elementor-widget-heading\" data-id=\"057366f\" data-element_type=\"widget\" data-e-type=\"widget\" data-widget_type=\"heading.default\">\n\t\t\t\t<div class=\"elementor-widget-container\">\n\t\t\t\t\t<h2 class=\"elementor-heading-title elementor-size-default\">DMADV<\/h2>\t\t\t\t<\/div>\n\t\t\t\t<\/div>\n\t\t\t\t<div class=\"elementor-element elementor-element-f43e083 elementor-widget elementor-widget-text-editor\" data-id=\"f43e083\" data-element_type=\"widget\" data-e-type=\"widget\" data-widget_type=\"text-editor.default\">\n\t\t\t\t<div class=\"elementor-widget-container\">\n\t\t\t\t\t\t\t\t\t<p><strong>Se utiliza para dar seguimiento ordenado a los pasos requeridos por un equipo para crear un nuevo proceso, producto o servicio, o cuando los existentes requieren de cambios grandes.<\/strong><\/p>\t\t\t\t\t\t\t\t<\/div>\n\t\t\t\t<\/div>\n\t\t\t\t<div class=\"elementor-element elementor-element-68af0c8 elementor-widget elementor-widget-heading\" data-id=\"68af0c8\" data-element_type=\"widget\" data-e-type=\"widget\" data-widget_type=\"heading.default\">\n\t\t\t\t<div class=\"elementor-widget-container\">\n\t\t\t\t\t<h2 class=\"elementor-heading-title elementor-size-default\">DOE<\/h2>\t\t\t\t<\/div>\n\t\t\t\t<\/div>\n\t\t\t\t<div class=\"elementor-element elementor-element-3c8386f elementor-widget elementor-widget-text-editor\" data-id=\"3c8386f\" data-element_type=\"widget\" data-e-type=\"widget\" data-widget_type=\"text-editor.default\">\n\t\t\t\t<div class=\"elementor-widget-container\">\n\t\t\t\t\t\t\t\t\t<p><strong>Con DoE (Design for Experiments, Dise\u00f1o de Experimentos) es posible tener resultados r\u00e1pidos y objetivos con un m\u00ednimo de pruebas y alto rigor estad\u00edstico.<\/strong><\/p>\t\t\t\t\t\t\t\t<\/div>\n\t\t\t\t<\/div>\n\t\t\t\t<div class=\"elementor-element elementor-element-5279ffe elementor-widget elementor-widget-heading\" data-id=\"5279ffe\" data-element_type=\"widget\" data-e-type=\"widget\" data-widget_type=\"heading.default\">\n\t\t\t\t<div class=\"elementor-widget-container\">\n\t\t\t\t\t<h2 class=\"elementor-heading-title elementor-size-default\">Compra en l\u00ednea<\/h2>\t\t\t\t<\/div>\n\t\t\t\t<\/div>\n\t\t\t\t<div class=\"elementor-element elementor-element-27ca377 elementor-widget elementor-widget-text-editor\" data-id=\"27ca377\" data-element_type=\"widget\" data-e-type=\"widget\" data-widget_type=\"text-editor.default\">\n\t\t\t\t<div class=\"elementor-widget-container\">\n\t\t\t\t\t\t\t\t\t<p><strong>Ahora puede comprar el libro Design for Six Sigma de forma digital.<\/strong><\/p>\t\t\t\t\t\t\t\t<\/div>\n\t\t\t\t<\/div>\n\t\t\t\t<\/div>\n\t\t\t\t\t<\/div>\n\t\t\t\t<\/div>\n\t\t\t\t<\/div>\n\t\t","protected":false},"excerpt":{"rendered":"<p>\/*! elementor &#8211; v3.17.0 &#8211; 08-11-2023 *\/ .elementor-heading-title{padding:0;margin:0;line-height:1}.elementor-widget-heading .elementor-heading-title[class*=elementor-size-]&gt;a{color:inherit;font-size:inherit;line-height:inherit}.elementor-widget-heading .elementor-heading-title.elementor-size-small{font-size:15px}.elementor-widget-heading .elementor-heading-title.elementor-size-medium{font-size:19px}.elementor-widget-heading .elementor-heading-title.elementor-size-large{font-size:29px}.elementor-widget-heading .elementor-heading-title.elementor-size-xl{font-size:39px}.elementor-widget-heading .elementor-heading-title.elementor-size-xxl{font-size:59px} EBOOKS Todos los integrantes de PXS son expertos en sus \u00e1reas, profesionales con amplia experiencia en [&hellip;]<\/p>\n","protected":false},"author":1,"featured_media":0,"parent":0,"menu_order":0,"comment_status":"closed","ping_status":"closed","template":"","meta":{"footnotes":""},"class_list":["post-80520","page","type-page","status-publish","hentry"],"_links":{"self":[{"href":"https:\/\/pxsglobal.com\/es\/wp-json\/wp\/v2\/pages\/80520","targetHints":{"allow":["GET"]}}],"collection":[{"href":"https:\/\/pxsglobal.com\/es\/wp-json\/wp\/v2\/pages"}],"about":[{"href":"https:\/\/pxsglobal.com\/es\/wp-json\/wp\/v2\/types\/page"}],"author":[{"embeddable":true,"href":"https:\/\/pxsglobal.com\/es\/wp-json\/wp\/v2\/users\/1"}],"replies":[{"embeddable":true,"href":"https:\/\/pxsglobal.com\/es\/wp-json\/wp\/v2\/comments?post=80520"}],"version-history":[{"count":17,"href":"https:\/\/pxsglobal.com\/es\/wp-json\/wp\/v2\/pages\/80520\/revisions"}],"predecessor-version":[{"id":83791,"href":"https:\/\/pxsglobal.com\/es\/wp-json\/wp\/v2\/pages\/80520\/revisions\/83791"}],"wp:attachment":[{"href":"https:\/\/pxsglobal.com\/es\/wp-json\/wp\/v2\/media?parent=80520"}],"curies":[{"name":"wp","href":"https:\/\/api.w.org\/{rel}","templated":true}]}}