{"id":48897,"date":"2021-01-14T06:18:20","date_gmt":"2021-01-14T12:18:20","guid":{"rendered":"https:\/\/litho.themezaa.com\/?post_type=product&#038;p=48897"},"modified":"2023-06-02T10:24:49","modified_gmt":"2023-06-02T16:24:49","slug":"cashmere-sweater","status":"publish","type":"product","link":"https:\/\/pxsglobal.com\/es\/product\/cashmere-sweater\/","title":{"rendered":"SS Yellow Belt"},"content":{"rendered":"<div class=\"row align-items-center\">\n<div class=\"col-12 col-xl-5 col-lg-6 description-left\">\n<p>La certificaci\u00f3n Six Sigma Yellow Belt est\u00e1 dirigida a aquellas personas que cuentan con roles operativos en la organizaci\u00f3n y que cuentan con el inter\u00e9s o la necesidad de desarrollar conocimientos b\u00e1sicos en Seis Sigma. Los Yellow Belts pueden ser empleados de niveles operativos o ejecutivos que requieren una visi\u00f3n general de Seis Sigma y del ciclo DMAIC. Esta certificaci\u00f3n cuenta con un enfoque de promoci\u00f3n del conceptos y el uso potencial de las herramientas y metodolog\u00edas de seis sigma dentro de la organizaci\u00f3n.<\/p>\n<p>&nbsp;<\/p>\n<\/div>\n<div class=\"col-12 col-lg-6 offset-xl-1 description-right\"><\/div>\n<\/div>\n","protected":false},"excerpt":{"rendered":"<p>La certificaci\u00f3n Six Sigma Yellow Belt est\u00e1 dirigida a aquellas personas que cuentan con roles operativos en la organizaci\u00f3n y que cuentan con el inter\u00e9s o la necesidad de desarrollar conocimientos b\u00e1sicos en Seis Sigma. Los Yellow Belts pueden ser empleados de niveles operativos o ejecutivos que requieren una visi\u00f3n general de Seis Sigma y del ciclo DMAIC. Esta certificaci\u00f3n cuenta con un enfoque de promoci\u00f3n del conceptos y el uso potencial de las herramientas y metodolog\u00edas de seis sigma dentro de la organizaci\u00f3n.<\/p>\n","protected":false},"featured_media":75646,"comment_status":"open","ping_status":"closed","template":"","meta":[],"product_brand":[],"product_cat":[41],"product_tag":[],"class_list":{"0":"post-48897","1":"product","2":"type-product","3":"status-publish","4":"has-post-thumbnail","6":"product_cat-sesisigma","8":"first","9":"instock","10":"sale","11":"virtual","12":"purchasable","13":"product-type-simple","14":"litho-product-5col"},"yoast_head":"<!-- This site is optimized with the Yoast SEO plugin v27.3 - https:\/\/yoast.com\/product\/yoast-seo-wordpress\/ -->\n<title>SS Yellow Belt - PXS<\/title>\n<meta name=\"robots\" content=\"index, follow, max-snippet:-1, max-image-preview:large, max-video-preview:-1\" \/>\n<link rel=\"canonical\" href=\"https:\/\/pxsglobal.com\/es\/product\/cashmere-sweater\/\" \/>\n<meta property=\"og:locale\" content=\"es_ES\" \/>\n<meta property=\"og:type\" content=\"article\" \/>\n<meta property=\"og:title\" content=\"SS Yellow Belt - PXS\" \/>\n<meta property=\"og:description\" content=\"La certificaci\u00f3n Six Sigma Yellow Belt est\u00e1 dirigida a aquellas personas que cuentan con roles operativos en la organizaci\u00f3n y que cuentan con el inter\u00e9s o la necesidad de desarrollar conocimientos b\u00e1sicos en Seis Sigma. Los Yellow Belts pueden ser empleados de niveles operativos o ejecutivos que requieren una visi\u00f3n general de Seis Sigma y del ciclo DMAIC. Esta certificaci\u00f3n cuenta con un enfoque de promoci\u00f3n del conceptos y el uso potencial de las herramientas y metodolog\u00edas de seis sigma dentro de la organizaci\u00f3n.\" \/>\n<meta property=\"og:url\" content=\"https:\/\/pxsglobal.com\/es\/product\/cashmere-sweater\/\" \/>\n<meta property=\"og:site_name\" content=\"PXS\" \/>\n<meta property=\"article:publisher\" content=\"https:\/\/facebook.com\/PXSGlobal\/\" \/>\n<meta property=\"article:modified_time\" content=\"2023-06-02T16:24:49+00:00\" \/>\n<meta property=\"og:image\" content=\"https:\/\/pxsglobal.com\/wp-content\/uploads\/2021\/01\/Screenshot-2023-06-02-at-10.13.22-AM.png\" \/>\n\t<meta property=\"og:image:width\" content=\"1386\" \/>\n\t<meta property=\"og:image:height\" content=\"1386\" \/>\n\t<meta property=\"og:image:type\" content=\"image\/png\" \/>\n<meta name=\"twitter:card\" content=\"summary_large_image\" \/>\n<script type=\"application\/ld+json\" class=\"yoast-schema-graph\">{\"@context\":\"https:\\\/\\\/schema.org\",\"@graph\":[{\"@type\":\"WebPage\",\"@id\":\"https:\\\/\\\/pxsglobal.com\\\/product\\\/cashmere-sweater\\\/\",\"url\":\"https:\\\/\\\/pxsglobal.com\\\/product\\\/cashmere-sweater\\\/\",\"name\":\"SS Yellow Belt - PXS\",\"isPartOf\":{\"@id\":\"https:\\\/\\\/pxsglobal.com\\\/#website\"},\"primaryImageOfPage\":{\"@id\":\"https:\\\/\\\/pxsglobal.com\\\/product\\\/cashmere-sweater\\\/#primaryimage\"},\"image\":{\"@id\":\"https:\\\/\\\/pxsglobal.com\\\/product\\\/cashmere-sweater\\\/#primaryimage\"},\"thumbnailUrl\":\"https:\\\/\\\/pxsglobal.com\\\/wp-content\\\/uploads\\\/2021\\\/01\\\/Screenshot-2023-06-02-at-10.13.22-AM.png\",\"datePublished\":\"2021-01-14T12:18:20+00:00\",\"dateModified\":\"2023-06-02T16:24:49+00:00\",\"breadcrumb\":{\"@id\":\"https:\\\/\\\/pxsglobal.com\\\/product\\\/cashmere-sweater\\\/#breadcrumb\"},\"inLanguage\":\"es\",\"potentialAction\":[{\"@type\":\"ReadAction\",\"target\":[\"https:\\\/\\\/pxsglobal.com\\\/product\\\/cashmere-sweater\\\/\"]}]},{\"@type\":\"ImageObject\",\"inLanguage\":\"es\",\"@id\":\"https:\\\/\\\/pxsglobal.com\\\/product\\\/cashmere-sweater\\\/#primaryimage\",\"url\":\"https:\\\/\\\/pxsglobal.com\\\/wp-content\\\/uploads\\\/2021\\\/01\\\/Screenshot-2023-06-02-at-10.13.22-AM.png\",\"contentUrl\":\"https:\\\/\\\/pxsglobal.com\\\/wp-content\\\/uploads\\\/2021\\\/01\\\/Screenshot-2023-06-02-at-10.13.22-AM.png\",\"width\":1386,\"height\":1386},{\"@type\":\"BreadcrumbList\",\"@id\":\"https:\\\/\\\/pxsglobal.com\\\/product\\\/cashmere-sweater\\\/#breadcrumb\",\"itemListElement\":[{\"@type\":\"ListItem\",\"position\":1,\"name\":\"Portada\",\"item\":\"https:\\\/\\\/pxsglobal.com\\\/\"},{\"@type\":\"ListItem\",\"position\":2,\"name\":\"Shop\",\"item\":\"https:\\\/\\\/pxsglobal.com\\\/shop\\\/\"},{\"@type\":\"ListItem\",\"position\":3,\"name\":\"SS Yellow Belt\"}]},{\"@type\":\"WebSite\",\"@id\":\"https:\\\/\\\/pxsglobal.com\\\/#website\",\"url\":\"https:\\\/\\\/pxsglobal.com\\\/\",\"name\":\"PXS\",\"description\":\"Somos Excelencia\",\"publisher\":{\"@id\":\"https:\\\/\\\/pxsglobal.com\\\/#organization\"},\"alternateName\":\"Performance Excellence Solutions\",\"potentialAction\":[{\"@type\":\"SearchAction\",\"target\":{\"@type\":\"EntryPoint\",\"urlTemplate\":\"https:\\\/\\\/pxsglobal.com\\\/?s={search_term_string}\"},\"query-input\":{\"@type\":\"PropertyValueSpecification\",\"valueRequired\":true,\"valueName\":\"search_term_string\"}}],\"inLanguage\":\"es\"},{\"@type\":\"Organization\",\"@id\":\"https:\\\/\\\/pxsglobal.com\\\/#organization\",\"name\":\"Performance Excellence Solutions\",\"alternateName\":\"PXS\",\"url\":\"https:\\\/\\\/pxsglobal.com\\\/\",\"logo\":{\"@type\":\"ImageObject\",\"inLanguage\":\"es\",\"@id\":\"https:\\\/\\\/pxsglobal.com\\\/#\\\/schema\\\/logo\\\/image\\\/\",\"url\":\"https:\\\/\\\/pxsglobal.com\\\/wp-content\\\/uploads\\\/2024\\\/03\\\/cropped-pxs-favicon.png\",\"contentUrl\":\"https:\\\/\\\/pxsglobal.com\\\/wp-content\\\/uploads\\\/2024\\\/03\\\/cropped-pxs-favicon.png\",\"width\":512,\"height\":512,\"caption\":\"Performance Excellence Solutions\"},\"image\":{\"@id\":\"https:\\\/\\\/pxsglobal.com\\\/#\\\/schema\\\/logo\\\/image\\\/\"},\"sameAs\":[\"https:\\\/\\\/facebook.com\\\/PXSGlobal\\\/\",\"https:\\\/\\\/www.instagram.com\\\/pxsglobal\\\/\",\"https:\\\/\\\/www.linkedin.com\\\/company\\\/pxs-global\\\/\"]}]}<\/script>\n<!-- \/ Yoast SEO plugin. -->","yoast_head_json":{"title":"SS Yellow Belt - PXS","robots":{"index":"index","follow":"follow","max-snippet":"max-snippet:-1","max-image-preview":"max-image-preview:large","max-video-preview":"max-video-preview:-1"},"canonical":"https:\/\/pxsglobal.com\/es\/product\/cashmere-sweater\/","og_locale":"es_ES","og_type":"article","og_title":"SS Yellow Belt - PXS","og_description":"La certificaci\u00f3n Six Sigma Yellow Belt est\u00e1 dirigida a aquellas personas que cuentan con roles operativos en la organizaci\u00f3n y que cuentan con el inter\u00e9s o la necesidad de desarrollar conocimientos b\u00e1sicos en Seis Sigma. Los Yellow Belts pueden ser empleados de niveles operativos o ejecutivos que requieren una visi\u00f3n general de Seis Sigma y del ciclo DMAIC. Esta certificaci\u00f3n cuenta con un enfoque de promoci\u00f3n del conceptos y el uso potencial de las herramientas y metodolog\u00edas de seis sigma dentro de la organizaci\u00f3n.","og_url":"https:\/\/pxsglobal.com\/es\/product\/cashmere-sweater\/","og_site_name":"PXS","article_publisher":"https:\/\/facebook.com\/PXSGlobal\/","article_modified_time":"2023-06-02T16:24:49+00:00","og_image":[{"width":1386,"height":1386,"url":"https:\/\/pxsglobal.com\/wp-content\/uploads\/2021\/01\/Screenshot-2023-06-02-at-10.13.22-AM.png","type":"image\/png"}],"twitter_card":"summary_large_image","schema":{"@context":"https:\/\/schema.org","@graph":[{"@type":"WebPage","@id":"https:\/\/pxsglobal.com\/product\/cashmere-sweater\/","url":"https:\/\/pxsglobal.com\/product\/cashmere-sweater\/","name":"SS Yellow Belt - PXS","isPartOf":{"@id":"https:\/\/pxsglobal.com\/#website"},"primaryImageOfPage":{"@id":"https:\/\/pxsglobal.com\/product\/cashmere-sweater\/#primaryimage"},"image":{"@id":"https:\/\/pxsglobal.com\/product\/cashmere-sweater\/#primaryimage"},"thumbnailUrl":"https:\/\/pxsglobal.com\/wp-content\/uploads\/2021\/01\/Screenshot-2023-06-02-at-10.13.22-AM.png","datePublished":"2021-01-14T12:18:20+00:00","dateModified":"2023-06-02T16:24:49+00:00","breadcrumb":{"@id":"https:\/\/pxsglobal.com\/product\/cashmere-sweater\/#breadcrumb"},"inLanguage":"es","potentialAction":[{"@type":"ReadAction","target":["https:\/\/pxsglobal.com\/product\/cashmere-sweater\/"]}]},{"@type":"ImageObject","inLanguage":"es","@id":"https:\/\/pxsglobal.com\/product\/cashmere-sweater\/#primaryimage","url":"https:\/\/pxsglobal.com\/wp-content\/uploads\/2021\/01\/Screenshot-2023-06-02-at-10.13.22-AM.png","contentUrl":"https:\/\/pxsglobal.com\/wp-content\/uploads\/2021\/01\/Screenshot-2023-06-02-at-10.13.22-AM.png","width":1386,"height":1386},{"@type":"BreadcrumbList","@id":"https:\/\/pxsglobal.com\/product\/cashmere-sweater\/#breadcrumb","itemListElement":[{"@type":"ListItem","position":1,"name":"Portada","item":"https:\/\/pxsglobal.com\/"},{"@type":"ListItem","position":2,"name":"Shop","item":"https:\/\/pxsglobal.com\/shop\/"},{"@type":"ListItem","position":3,"name":"SS Yellow Belt"}]},{"@type":"WebSite","@id":"https:\/\/pxsglobal.com\/#website","url":"https:\/\/pxsglobal.com\/","name":"PXS","description":"Somos Excelencia","publisher":{"@id":"https:\/\/pxsglobal.com\/#organization"},"alternateName":"Performance Excellence Solutions","potentialAction":[{"@type":"SearchAction","target":{"@type":"EntryPoint","urlTemplate":"https:\/\/pxsglobal.com\/?s={search_term_string}"},"query-input":{"@type":"PropertyValueSpecification","valueRequired":true,"valueName":"search_term_string"}}],"inLanguage":"es"},{"@type":"Organization","@id":"https:\/\/pxsglobal.com\/#organization","name":"Performance Excellence Solutions","alternateName":"PXS","url":"https:\/\/pxsglobal.com\/","logo":{"@type":"ImageObject","inLanguage":"es","@id":"https:\/\/pxsglobal.com\/#\/schema\/logo\/image\/","url":"https:\/\/pxsglobal.com\/wp-content\/uploads\/2024\/03\/cropped-pxs-favicon.png","contentUrl":"https:\/\/pxsglobal.com\/wp-content\/uploads\/2024\/03\/cropped-pxs-favicon.png","width":512,"height":512,"caption":"Performance Excellence Solutions"},"image":{"@id":"https:\/\/pxsglobal.com\/#\/schema\/logo\/image\/"},"sameAs":["https:\/\/facebook.com\/PXSGlobal\/","https:\/\/www.instagram.com\/pxsglobal\/","https:\/\/www.linkedin.com\/company\/pxs-global\/"]}]}},"_links":{"self":[{"href":"https:\/\/pxsglobal.com\/es\/wp-json\/wp\/v2\/product\/48897","targetHints":{"allow":["GET"]}}],"collection":[{"href":"https:\/\/pxsglobal.com\/es\/wp-json\/wp\/v2\/product"}],"about":[{"href":"https:\/\/pxsglobal.com\/es\/wp-json\/wp\/v2\/types\/product"}],"replies":[{"embeddable":true,"href":"https:\/\/pxsglobal.com\/es\/wp-json\/wp\/v2\/comments?post=48897"}],"wp:featuredmedia":[{"embeddable":true,"href":"https:\/\/pxsglobal.com\/es\/wp-json\/wp\/v2\/media\/75646"}],"wp:attachment":[{"href":"https:\/\/pxsglobal.com\/es\/wp-json\/wp\/v2\/media?parent=48897"}],"wp:term":[{"taxonomy":"product_brand","embeddable":true,"href":"https:\/\/pxsglobal.com\/es\/wp-json\/wp\/v2\/product_brand?post=48897"},{"taxonomy":"product_cat","embeddable":true,"href":"https:\/\/pxsglobal.com\/es\/wp-json\/wp\/v2\/product_cat?post=48897"},{"taxonomy":"product_tag","embeddable":true,"href":"https:\/\/pxsglobal.com\/es\/wp-json\/wp\/v2\/product_tag?post=48897"}],"curies":[{"name":"wp","href":"https:\/\/api.w.org\/{rel}","templated":true}]}}