{"id":48912,"date":"2021-01-18T06:30:30","date_gmt":"2021-01-18T06:30:30","guid":{"rendered":"https:\/\/litho.themezaa.com\/?post_type=product&#038;p=48912"},"modified":"2024-01-15T09:57:05","modified_gmt":"2024-01-15T15:57:05","slug":"cotton-dark-shirt","status":"publish","type":"product","link":"https:\/\/pxsglobal.com\/es\/product\/cotton-dark-shirt\/","title":{"rendered":"SS Green Belt"},"content":{"rendered":"<div class=\"row align-items-center\">\n<div class=\"col-12 col-xl-5 col-lg-6 description-left\">\n<p>Los Six Sigma Green Belt son empleados que pasan parte de su tiempo en los equipos de mejora de procesos. Ellos analizan y resuelven los problemas de calidad y tienen relaci\u00f3n con Six Sigma, Lean u otros proyectos de mejoramiento de la calidad. La certificaci\u00f3n Six Sigma Green Belt requiere tres a\u00f1os de experiencia laboral en una o m\u00e1s \u00e1reas del Cuerpo de Conocimientos de Six Sigma Green Belt. La experiencia laboral debe ser en posiciones de tiempo completo.<\/p>\n<\/div>\n<h2><strong>OBJETIVOS:<\/strong><\/h2>\n<p>Entrenar y Certificar a los participantes en las herramientas y disciplinas b\u00e1sicas para la implementaci\u00f3n de proyectos de mejoramiento continuo en la empresa.<\/p>\n<h2><strong>DIRIGIDO A:<\/strong><\/h2>\n<p>Este curso est\u00e1 dise\u00f1ado para personas de diversas funciones\/operaciones de la organizaci\u00f3n, tales como calidad, log\u00edstica, finanzas, producci\u00f3n, ingenier\u00eda, entre otras. Los participantes suelen ser los due\u00f1os de procesos o l\u00edderes y est\u00e1n bien versados en los aspectos t\u00e9cnicos de su trabajo y han trabajado en equipos de proyecto.<\/p>\n<h2><strong>CONTENIDOS:<\/strong><\/h2>\n<h4><strong>I. VISI\u00d3N GLOBAL: SEIS SIGMA Y LA ORGANIZACI\u00d3N:<\/strong><\/h4>\n<hr \/>\n<p>A. Seis Sigma y las metas de la organizaci\u00f3n<br \/>\nB. Principios Lean en la organizaci\u00f3n<br \/>\nC. Dise\u00f1o para Seis Sigma (DFSS) en la organizaci\u00f3n<\/p>\n<hr \/>\n<h4><strong>II. DEFINIR:<\/strong><\/h4>\n<hr \/>\n<p>A. Identificaci\u00f3n de Proyectos<br \/>\nB. Voz-del-Cliente<br \/>\nC. Herramientas B\u00e1sicas de Administraci\u00f3n de Proyectos<br \/>\nD. Herramientas de administraci\u00f3n y planificaci\u00f3n<br \/>\nE. Resultados de negocio para proyectos<br \/>\nF. Din\u00e1mica y desempe\u00f1o de los equipos<\/p>\n<\/div>\n","protected":false},"excerpt":{"rendered":"<p>Los Six Sigma Green Belt son empleados que pasan parte de su tiempo en los equipos de mejora de procesos. Ellos analizan y resuelven los problemas de calidad y tienen relaci\u00f3n con Six Sigma, Lean u otros proyectos de mejoramiento de la calidad. La certificaci\u00f3n Six Sigma Green Belt requiere tres a\u00f1os de experiencia laboral en una o m\u00e1s \u00e1reas del Cuerpo de Conocimientos de Six Sigma Green Belt. La experiencia laboral debe ser en posiciones de tiempo completo.<\/p>\n","protected":false},"featured_media":75651,"comment_status":"open","ping_status":"closed","template":"","meta":[],"product_brand":[],"product_cat":[41],"product_tag":[],"class_list":{"0":"post-48912","1":"product","2":"type-product","3":"status-publish","4":"has-post-thumbnail","6":"product_cat-sesisigma","8":"first","9":"instock","10":"shipping-taxable","11":"purchasable","12":"product-type-simple","13":"litho-product-5col"},"yoast_head":"<!-- This site is optimized with the Yoast SEO plugin v27.3 - https:\/\/yoast.com\/product\/yoast-seo-wordpress\/ -->\n<title>SS Green Belt - PXS<\/title>\n<meta name=\"robots\" content=\"index, follow, max-snippet:-1, max-image-preview:large, max-video-preview:-1\" \/>\n<link rel=\"canonical\" href=\"https:\/\/pxsglobal.com\/es\/product\/cotton-dark-shirt\/\" \/>\n<meta property=\"og:locale\" content=\"es_ES\" \/>\n<meta property=\"og:type\" content=\"article\" \/>\n<meta property=\"og:title\" content=\"SS Green Belt - PXS\" \/>\n<meta property=\"og:description\" content=\"Los Six Sigma Green Belt son empleados que pasan parte de su tiempo en los equipos de mejora de procesos. Ellos analizan y resuelven los problemas de calidad y tienen relaci\u00f3n con Six Sigma, Lean u otros proyectos de mejoramiento de la calidad. La certificaci\u00f3n Six Sigma Green Belt requiere tres a\u00f1os de experiencia laboral en una o m\u00e1s \u00e1reas del Cuerpo de Conocimientos de Six Sigma Green Belt. La experiencia laboral debe ser en posiciones de tiempo completo.\" \/>\n<meta property=\"og:url\" content=\"https:\/\/pxsglobal.com\/es\/product\/cotton-dark-shirt\/\" \/>\n<meta property=\"og:site_name\" content=\"PXS\" \/>\n<meta property=\"article:publisher\" content=\"https:\/\/facebook.com\/PXSGlobal\/\" \/>\n<meta property=\"article:modified_time\" content=\"2024-01-15T15:57:05+00:00\" \/>\n<meta property=\"og:image\" content=\"https:\/\/pxsglobal.com\/wp-content\/uploads\/2021\/01\/Screenshot-2023-06-02-at-10.14.56-AM.png\" \/>\n\t<meta property=\"og:image:width\" content=\"1380\" \/>\n\t<meta property=\"og:image:height\" content=\"1394\" \/>\n\t<meta property=\"og:image:type\" content=\"image\/png\" \/>\n<meta name=\"twitter:card\" content=\"summary_large_image\" \/>\n<meta name=\"twitter:label1\" content=\"Tiempo de lectura\" \/>\n\t<meta name=\"twitter:data1\" content=\"1 minuto\" \/>\n<script type=\"application\/ld+json\" class=\"yoast-schema-graph\">{\"@context\":\"https:\\\/\\\/schema.org\",\"@graph\":[{\"@type\":\"WebPage\",\"@id\":\"https:\\\/\\\/pxsglobal.com\\\/product\\\/cotton-dark-shirt\\\/\",\"url\":\"https:\\\/\\\/pxsglobal.com\\\/product\\\/cotton-dark-shirt\\\/\",\"name\":\"SS Green Belt - PXS\",\"isPartOf\":{\"@id\":\"https:\\\/\\\/pxsglobal.com\\\/#website\"},\"primaryImageOfPage\":{\"@id\":\"https:\\\/\\\/pxsglobal.com\\\/product\\\/cotton-dark-shirt\\\/#primaryimage\"},\"image\":{\"@id\":\"https:\\\/\\\/pxsglobal.com\\\/product\\\/cotton-dark-shirt\\\/#primaryimage\"},\"thumbnailUrl\":\"https:\\\/\\\/pxsglobal.com\\\/wp-content\\\/uploads\\\/2021\\\/01\\\/Screenshot-2023-06-02-at-10.14.56-AM.png\",\"datePublished\":\"2021-01-18T06:30:30+00:00\",\"dateModified\":\"2024-01-15T15:57:05+00:00\",\"breadcrumb\":{\"@id\":\"https:\\\/\\\/pxsglobal.com\\\/product\\\/cotton-dark-shirt\\\/#breadcrumb\"},\"inLanguage\":\"es\",\"potentialAction\":[{\"@type\":\"ReadAction\",\"target\":[\"https:\\\/\\\/pxsglobal.com\\\/product\\\/cotton-dark-shirt\\\/\"]}]},{\"@type\":\"ImageObject\",\"inLanguage\":\"es\",\"@id\":\"https:\\\/\\\/pxsglobal.com\\\/product\\\/cotton-dark-shirt\\\/#primaryimage\",\"url\":\"https:\\\/\\\/pxsglobal.com\\\/wp-content\\\/uploads\\\/2021\\\/01\\\/Screenshot-2023-06-02-at-10.14.56-AM.png\",\"contentUrl\":\"https:\\\/\\\/pxsglobal.com\\\/wp-content\\\/uploads\\\/2021\\\/01\\\/Screenshot-2023-06-02-at-10.14.56-AM.png\",\"width\":1380,\"height\":1394},{\"@type\":\"BreadcrumbList\",\"@id\":\"https:\\\/\\\/pxsglobal.com\\\/product\\\/cotton-dark-shirt\\\/#breadcrumb\",\"itemListElement\":[{\"@type\":\"ListItem\",\"position\":1,\"name\":\"Portada\",\"item\":\"https:\\\/\\\/pxsglobal.com\\\/\"},{\"@type\":\"ListItem\",\"position\":2,\"name\":\"Shop\",\"item\":\"https:\\\/\\\/pxsglobal.com\\\/shop\\\/\"},{\"@type\":\"ListItem\",\"position\":3,\"name\":\"SS Green Belt\"}]},{\"@type\":\"WebSite\",\"@id\":\"https:\\\/\\\/pxsglobal.com\\\/#website\",\"url\":\"https:\\\/\\\/pxsglobal.com\\\/\",\"name\":\"PXS\",\"description\":\"Somos Excelencia\",\"publisher\":{\"@id\":\"https:\\\/\\\/pxsglobal.com\\\/#organization\"},\"alternateName\":\"Performance Excellence Solutions\",\"potentialAction\":[{\"@type\":\"SearchAction\",\"target\":{\"@type\":\"EntryPoint\",\"urlTemplate\":\"https:\\\/\\\/pxsglobal.com\\\/?s={search_term_string}\"},\"query-input\":{\"@type\":\"PropertyValueSpecification\",\"valueRequired\":true,\"valueName\":\"search_term_string\"}}],\"inLanguage\":\"es\"},{\"@type\":\"Organization\",\"@id\":\"https:\\\/\\\/pxsglobal.com\\\/#organization\",\"name\":\"Performance Excellence Solutions\",\"alternateName\":\"PXS\",\"url\":\"https:\\\/\\\/pxsglobal.com\\\/\",\"logo\":{\"@type\":\"ImageObject\",\"inLanguage\":\"es\",\"@id\":\"https:\\\/\\\/pxsglobal.com\\\/#\\\/schema\\\/logo\\\/image\\\/\",\"url\":\"https:\\\/\\\/pxsglobal.com\\\/wp-content\\\/uploads\\\/2024\\\/03\\\/cropped-pxs-favicon.png\",\"contentUrl\":\"https:\\\/\\\/pxsglobal.com\\\/wp-content\\\/uploads\\\/2024\\\/03\\\/cropped-pxs-favicon.png\",\"width\":512,\"height\":512,\"caption\":\"Performance Excellence Solutions\"},\"image\":{\"@id\":\"https:\\\/\\\/pxsglobal.com\\\/#\\\/schema\\\/logo\\\/image\\\/\"},\"sameAs\":[\"https:\\\/\\\/facebook.com\\\/PXSGlobal\\\/\",\"https:\\\/\\\/www.instagram.com\\\/pxsglobal\\\/\",\"https:\\\/\\\/www.linkedin.com\\\/company\\\/pxs-global\\\/\"]}]}<\/script>\n<!-- \/ Yoast SEO plugin. -->","yoast_head_json":{"title":"SS Green Belt - PXS","robots":{"index":"index","follow":"follow","max-snippet":"max-snippet:-1","max-image-preview":"max-image-preview:large","max-video-preview":"max-video-preview:-1"},"canonical":"https:\/\/pxsglobal.com\/es\/product\/cotton-dark-shirt\/","og_locale":"es_ES","og_type":"article","og_title":"SS Green Belt - PXS","og_description":"Los Six Sigma Green Belt son empleados que pasan parte de su tiempo en los equipos de mejora de procesos. Ellos analizan y resuelven los problemas de calidad y tienen relaci\u00f3n con Six Sigma, Lean u otros proyectos de mejoramiento de la calidad. La certificaci\u00f3n Six Sigma Green Belt requiere tres a\u00f1os de experiencia laboral en una o m\u00e1s \u00e1reas del Cuerpo de Conocimientos de Six Sigma Green Belt. La experiencia laboral debe ser en posiciones de tiempo completo.","og_url":"https:\/\/pxsglobal.com\/es\/product\/cotton-dark-shirt\/","og_site_name":"PXS","article_publisher":"https:\/\/facebook.com\/PXSGlobal\/","article_modified_time":"2024-01-15T15:57:05+00:00","og_image":[{"width":1380,"height":1394,"url":"https:\/\/pxsglobal.com\/wp-content\/uploads\/2021\/01\/Screenshot-2023-06-02-at-10.14.56-AM.png","type":"image\/png"}],"twitter_card":"summary_large_image","twitter_misc":{"Tiempo de lectura":"1 minuto"},"schema":{"@context":"https:\/\/schema.org","@graph":[{"@type":"WebPage","@id":"https:\/\/pxsglobal.com\/product\/cotton-dark-shirt\/","url":"https:\/\/pxsglobal.com\/product\/cotton-dark-shirt\/","name":"SS Green Belt - PXS","isPartOf":{"@id":"https:\/\/pxsglobal.com\/#website"},"primaryImageOfPage":{"@id":"https:\/\/pxsglobal.com\/product\/cotton-dark-shirt\/#primaryimage"},"image":{"@id":"https:\/\/pxsglobal.com\/product\/cotton-dark-shirt\/#primaryimage"},"thumbnailUrl":"https:\/\/pxsglobal.com\/wp-content\/uploads\/2021\/01\/Screenshot-2023-06-02-at-10.14.56-AM.png","datePublished":"2021-01-18T06:30:30+00:00","dateModified":"2024-01-15T15:57:05+00:00","breadcrumb":{"@id":"https:\/\/pxsglobal.com\/product\/cotton-dark-shirt\/#breadcrumb"},"inLanguage":"es","potentialAction":[{"@type":"ReadAction","target":["https:\/\/pxsglobal.com\/product\/cotton-dark-shirt\/"]}]},{"@type":"ImageObject","inLanguage":"es","@id":"https:\/\/pxsglobal.com\/product\/cotton-dark-shirt\/#primaryimage","url":"https:\/\/pxsglobal.com\/wp-content\/uploads\/2021\/01\/Screenshot-2023-06-02-at-10.14.56-AM.png","contentUrl":"https:\/\/pxsglobal.com\/wp-content\/uploads\/2021\/01\/Screenshot-2023-06-02-at-10.14.56-AM.png","width":1380,"height":1394},{"@type":"BreadcrumbList","@id":"https:\/\/pxsglobal.com\/product\/cotton-dark-shirt\/#breadcrumb","itemListElement":[{"@type":"ListItem","position":1,"name":"Portada","item":"https:\/\/pxsglobal.com\/"},{"@type":"ListItem","position":2,"name":"Shop","item":"https:\/\/pxsglobal.com\/shop\/"},{"@type":"ListItem","position":3,"name":"SS Green Belt"}]},{"@type":"WebSite","@id":"https:\/\/pxsglobal.com\/#website","url":"https:\/\/pxsglobal.com\/","name":"PXS","description":"Somos Excelencia","publisher":{"@id":"https:\/\/pxsglobal.com\/#organization"},"alternateName":"Performance Excellence Solutions","potentialAction":[{"@type":"SearchAction","target":{"@type":"EntryPoint","urlTemplate":"https:\/\/pxsglobal.com\/?s={search_term_string}"},"query-input":{"@type":"PropertyValueSpecification","valueRequired":true,"valueName":"search_term_string"}}],"inLanguage":"es"},{"@type":"Organization","@id":"https:\/\/pxsglobal.com\/#organization","name":"Performance Excellence Solutions","alternateName":"PXS","url":"https:\/\/pxsglobal.com\/","logo":{"@type":"ImageObject","inLanguage":"es","@id":"https:\/\/pxsglobal.com\/#\/schema\/logo\/image\/","url":"https:\/\/pxsglobal.com\/wp-content\/uploads\/2024\/03\/cropped-pxs-favicon.png","contentUrl":"https:\/\/pxsglobal.com\/wp-content\/uploads\/2024\/03\/cropped-pxs-favicon.png","width":512,"height":512,"caption":"Performance Excellence Solutions"},"image":{"@id":"https:\/\/pxsglobal.com\/#\/schema\/logo\/image\/"},"sameAs":["https:\/\/facebook.com\/PXSGlobal\/","https:\/\/www.instagram.com\/pxsglobal\/","https:\/\/www.linkedin.com\/company\/pxs-global\/"]}]}},"_links":{"self":[{"href":"https:\/\/pxsglobal.com\/es\/wp-json\/wp\/v2\/product\/48912","targetHints":{"allow":["GET"]}}],"collection":[{"href":"https:\/\/pxsglobal.com\/es\/wp-json\/wp\/v2\/product"}],"about":[{"href":"https:\/\/pxsglobal.com\/es\/wp-json\/wp\/v2\/types\/product"}],"replies":[{"embeddable":true,"href":"https:\/\/pxsglobal.com\/es\/wp-json\/wp\/v2\/comments?post=48912"}],"wp:featuredmedia":[{"embeddable":true,"href":"https:\/\/pxsglobal.com\/es\/wp-json\/wp\/v2\/media\/75651"}],"wp:attachment":[{"href":"https:\/\/pxsglobal.com\/es\/wp-json\/wp\/v2\/media?parent=48912"}],"wp:term":[{"taxonomy":"product_brand","embeddable":true,"href":"https:\/\/pxsglobal.com\/es\/wp-json\/wp\/v2\/product_brand?post=48912"},{"taxonomy":"product_cat","embeddable":true,"href":"https:\/\/pxsglobal.com\/es\/wp-json\/wp\/v2\/product_cat?post=48912"},{"taxonomy":"product_tag","embeddable":true,"href":"https:\/\/pxsglobal.com\/es\/wp-json\/wp\/v2\/product_tag?post=48912"}],"curies":[{"name":"wp","href":"https:\/\/api.w.org\/{rel}","templated":true}]}}